{"id":115,"date":"2024-11-27T17:21:04","date_gmt":"2024-11-27T16:21:04","guid":{"rendered":"https:\/\/vol2.ingeborgkumpfmueller.at\/2026\/?page_id=115"},"modified":"2024-12-02T06:49:17","modified_gmt":"2024-12-02T05:49:17","slug":"3-2","status":"publish","type":"page","link":"https:\/\/vol2.ingeborgkumpfmueller.at\/2026\/3-2\/","title":{"rendered":"3"},"content":{"rendered":"\t\t<div data-elementor-type=\"wp-page\" data-elementor-id=\"115\" class=\"elementor elementor-115\" data-elementor-settings=\"{&quot;element_pack_global_tooltip_width&quot;:{&quot;unit&quot;:&quot;px&quot;,&quot;size&quot;:&quot;&quot;,&quot;sizes&quot;:[]},&quot;element_pack_global_tooltip_width_tablet&quot;:{&quot;unit&quot;:&quot;px&quot;,&quot;size&quot;:&quot;&quot;,&quot;sizes&quot;:[]},&quot;element_pack_global_tooltip_width_mobile&quot;:{&quot;unit&quot;:&quot;px&quot;,&quot;size&quot;:&quot;&quot;,&quot;sizes&quot;:[]},&quot;element_pack_global_tooltip_padding&quot;:{&quot;unit&quot;:&quot;px&quot;,&quot;top&quot;:&quot;&quot;,&quot;right&quot;:&quot;&quot;,&quot;bottom&quot;:&quot;&quot;,&quot;left&quot;:&quot;&quot;,&quot;isLinked&quot;:true},&quot;element_pack_global_tooltip_padding_tablet&quot;:{&quot;unit&quot;:&quot;px&quot;,&quot;top&quot;:&quot;&quot;,&quot;right&quot;:&quot;&quot;,&quot;bottom&quot;:&quot;&quot;,&quot;left&quot;:&quot;&quot;,&quot;isLinked&quot;:true},&quot;element_pack_global_tooltip_padding_mobile&quot;:{&quot;unit&quot;:&quot;px&quot;,&quot;top&quot;:&quot;&quot;,&quot;right&quot;:&quot;&quot;,&quot;bottom&quot;:&quot;&quot;,&quot;left&quot;:&quot;&quot;,&quot;isLinked&quot;:true},&quot;element_pack_global_tooltip_border_radius&quot;:{&quot;unit&quot;:&quot;px&quot;,&quot;top&quot;:&quot;&quot;,&quot;right&quot;:&quot;&quot;,&quot;bottom&quot;:&quot;&quot;,&quot;left&quot;:&quot;&quot;,&quot;isLinked&quot;:true},&quot;element_pack_global_tooltip_border_radius_tablet&quot;:{&quot;unit&quot;:&quot;px&quot;,&quot;top&quot;:&quot;&quot;,&quot;right&quot;:&quot;&quot;,&quot;bottom&quot;:&quot;&quot;,&quot;left&quot;:&quot;&quot;,&quot;isLinked&quot;:true},&quot;element_pack_global_tooltip_border_radius_mobile&quot;:{&quot;unit&quot;:&quot;px&quot;,&quot;top&quot;:&quot;&quot;,&quot;right&quot;:&quot;&quot;,&quot;bottom&quot;:&quot;&quot;,&quot;left&quot;:&quot;&quot;,&quot;isLinked&quot;:true}}\" data-elementor-post-type=\"page\">\n\t\t\t\t\t\t<section class=\"elementor-section elementor-top-section elementor-element elementor-element-06d662c elementor-section-full_width elementor-section-height-default elementor-section-height-default\" data-id=\"06d662c\" data-element_type=\"section\" data-e-type=\"section\">\n\t\t\t\t\t\t<div class=\"elementor-container elementor-column-gap-default\">\n\t\t\t\t\t<div class=\"elementor-column elementor-col-50 elementor-top-column elementor-element elementor-element-4743874\" data-id=\"4743874\" data-element_type=\"column\" data-e-type=\"column\">\n\t\t\t<div class=\"elementor-widget-wrap elementor-element-populated\">\n\t\t\t\t\t\t<div class=\"elementor-element elementor-element-ab42e6a bdt-image-hover-effect-wrap bdt-image-hover-effect-3 elementor-widget elementor-widget-image\" data-id=\"ab42e6a\" data-element_type=\"widget\" data-e-type=\"widget\" data-widget_type=\"image.default\">\n\t\t\t\t<div class=\"elementor-widget-container\">\n\t\t\t\t\t\t\t\t\t\t\t\t\t\t\t<img fetchpriority=\"high\" decoding=\"async\" width=\"1920\" height=\"2560\" src=\"https:\/\/vol2.ingeborgkumpfmueller.at\/2026\/wp-content\/uploads\/2024\/11\/IMG_6482-scaled.jpg\" class=\"attachment-full size-full wp-image-482\" alt=\"\" srcset=\"https:\/\/vol2.ingeborgkumpfmueller.at\/2026\/wp-content\/uploads\/2024\/11\/IMG_6482-scaled.jpg 1920w, https:\/\/vol2.ingeborgkumpfmueller.at\/2026\/wp-content\/uploads\/2024\/11\/IMG_6482-225x300.jpg 225w, https:\/\/vol2.ingeborgkumpfmueller.at\/2026\/wp-content\/uploads\/2024\/11\/IMG_6482-768x1024.jpg 768w, https:\/\/vol2.ingeborgkumpfmueller.at\/2026\/wp-content\/uploads\/2024\/11\/IMG_6482-1152x1536.jpg 1152w, https:\/\/vol2.ingeborgkumpfmueller.at\/2026\/wp-content\/uploads\/2024\/11\/IMG_6482-1536x2048.jpg 1536w\" sizes=\"(max-width: 1920px) 100vw, 1920px\" \/>\t\t\t\t\t\t\t\t\t\t\t\t\t\t\t<\/div>\n\t\t\t\t<\/div>\n\t\t\t\t<div class=\"elementor-element elementor-element-4804d89 elementor-widget elementor-widget-image\" data-id=\"4804d89\" data-element_type=\"widget\" data-e-type=\"widget\" data-widget_type=\"image.default\">\n\t\t\t\t<div class=\"elementor-widget-container\">\n\t\t\t\t\t\t\t\t\t\t\t\t\t\t\t<img decoding=\"async\" width=\"2560\" height=\"2038\" src=\"https:\/\/vol2.ingeborgkumpfmueller.at\/2026\/wp-content\/uploads\/2024\/11\/IMG_6467-scaled.jpg\" class=\"attachment-full size-full wp-image-476\" alt=\"\" srcset=\"https:\/\/vol2.ingeborgkumpfmueller.at\/2026\/wp-content\/uploads\/2024\/11\/IMG_6467-scaled.jpg 2560w, https:\/\/vol2.ingeborgkumpfmueller.at\/2026\/wp-content\/uploads\/2024\/11\/IMG_6467-300x239.jpg 300w, https:\/\/vol2.ingeborgkumpfmueller.at\/2026\/wp-content\/uploads\/2024\/11\/IMG_6467-1024x815.jpg 1024w, https:\/\/vol2.ingeborgkumpfmueller.at\/2026\/wp-content\/uploads\/2024\/11\/IMG_6467-768x611.jpg 768w, https:\/\/vol2.ingeborgkumpfmueller.at\/2026\/wp-content\/uploads\/2024\/11\/IMG_6467-1536x1223.jpg 1536w, https:\/\/vol2.ingeborgkumpfmueller.at\/2026\/wp-content\/uploads\/2024\/11\/IMG_6467-2048x1631.jpg 2048w\" sizes=\"(max-width: 2560px) 100vw, 2560px\" \/>\t\t\t\t\t\t\t\t\t\t\t\t\t\t\t<\/div>\n\t\t\t\t<\/div>\n\t\t\t\t\t<\/div>\n\t\t<\/div>\n\t\t\t\t<div class=\"elementor-column elementor-col-50 elementor-top-column elementor-element elementor-element-1bdbf84\" data-id=\"1bdbf84\" data-element_type=\"column\" data-e-type=\"column\">\n\t\t\t<div class=\"elementor-widget-wrap elementor-element-populated\">\n\t\t\t\t\t\t<div class=\"elementor-element elementor-element-87e8645 elementor-widget elementor-widget-image\" data-id=\"87e8645\" data-element_type=\"widget\" data-e-type=\"widget\" data-widget_type=\"image.default\">\n\t\t\t\t<div class=\"elementor-widget-container\">\n\t\t\t\t\t\t\t\t\t\t\t\t\t\t\t<img decoding=\"async\" width=\"1920\" height=\"2560\" src=\"https:\/\/vol2.ingeborgkumpfmueller.at\/2026\/wp-content\/uploads\/2024\/11\/IMG_6097-scaled.jpg\" class=\"attachment-full size-full wp-image-474\" alt=\"\" srcset=\"https:\/\/vol2.ingeborgkumpfmueller.at\/2026\/wp-content\/uploads\/2024\/11\/IMG_6097-scaled.jpg 1920w, https:\/\/vol2.ingeborgkumpfmueller.at\/2026\/wp-content\/uploads\/2024\/11\/IMG_6097-225x300.jpg 225w, https:\/\/vol2.ingeborgkumpfmueller.at\/2026\/wp-content\/uploads\/2024\/11\/IMG_6097-768x1024.jpg 768w, https:\/\/vol2.ingeborgkumpfmueller.at\/2026\/wp-content\/uploads\/2024\/11\/IMG_6097-1152x1536.jpg 1152w, https:\/\/vol2.ingeborgkumpfmueller.at\/2026\/wp-content\/uploads\/2024\/11\/IMG_6097-1536x2048.jpg 1536w\" sizes=\"(max-width: 1920px) 100vw, 1920px\" \/>\t\t\t\t\t\t\t\t\t\t\t\t\t\t\t<\/div>\n\t\t\t\t<\/div>\n\t\t\t\t<div class=\"elementor-element elementor-element-d2cb148 elementor-widget elementor-widget-image\" data-id=\"d2cb148\" data-element_type=\"widget\" data-e-type=\"widget\" data-widget_type=\"image.default\">\n\t\t\t\t<div class=\"elementor-widget-container\">\n\t\t\t\t\t\t\t\t\t\t\t\t\t\t\t<img loading=\"lazy\" decoding=\"async\" width=\"1920\" height=\"2560\" src=\"https:\/\/vol2.ingeborgkumpfmueller.at\/2026\/wp-content\/uploads\/2024\/11\/IMG_6478-scaled.jpg\" class=\"attachment-full size-full wp-image-480\" alt=\"\" srcset=\"https:\/\/vol2.ingeborgkumpfmueller.at\/2026\/wp-content\/uploads\/2024\/11\/IMG_6478-scaled.jpg 1920w, https:\/\/vol2.ingeborgkumpfmueller.at\/2026\/wp-content\/uploads\/2024\/11\/IMG_6478-225x300.jpg 225w, https:\/\/vol2.ingeborgkumpfmueller.at\/2026\/wp-content\/uploads\/2024\/11\/IMG_6478-768x1024.jpg 768w, https:\/\/vol2.ingeborgkumpfmueller.at\/2026\/wp-content\/uploads\/2024\/11\/IMG_6478-1152x1536.jpg 1152w, https:\/\/vol2.ingeborgkumpfmueller.at\/2026\/wp-content\/uploads\/2024\/11\/IMG_6478-1536x2048.jpg 1536w\" sizes=\"(max-width: 1920px) 100vw, 1920px\" \/>\t\t\t\t\t\t\t\t\t\t\t\t\t\t\t<\/div>\n\t\t\t\t<\/div>\n\t\t\t\t<div class=\"elementor-element elementor-element-9a4818a elementor-widget elementor-widget-text-editor\" data-id=\"9a4818a\" data-element_type=\"widget\" data-e-type=\"widget\" data-widget_type=\"text-editor.default\">\n\t\t\t\t<div class=\"elementor-widget-container\">\n\t\t\t\t\t\t\t\t\t<p>Q -Tower, Wien, Freude schon am Morgen Leitsystem<\/p><p>RLP R\u00fcdiger Lainer und Partner Architekten<\/p>\t\t\t\t\t\t\t\t<\/div>\n\t\t\t\t<\/div>\n\t\t\t\t<div class=\"elementor-element elementor-element-ad79073 elementor-widget elementor-widget-text-editor\" data-id=\"ad79073\" data-element_type=\"widget\" data-e-type=\"widget\" data-widget_type=\"text-editor.default\">\n\t\t\t\t<div class=\"elementor-widget-container\">\n\t\t\t\t\t\t\t\t\t<p><span style=\"color: var( --e-global-color-text ); font-family: var( --e-global-typography-text-font-family ), Sans-serif; font-weight: var( --e-global-typography-text-font-weight ); font-size: 1rem;\">ausgehend von der Bestandswandfarbe NCS S 0530-Y50R\u00a0<\/span>im Geb\u00e4ude wurden f\u00fcr die Geschossbeschriftungenund die jeweils zugeh\u00f6rigen Beschriftungen und Hinweise<\/p><p>folgendes Farbkonzept gestaltet:<\/p><p>-Erdgeschossbereich \/ allgemeine Bereiche \/ Goldton<\/p><p>-Geschosse 4 \u2013 10<\/p><p>\u00a0Farbkanon ausgehend vom Mittelwert Nuance 0570 \/\u00a0<\/p><p>\u00a0NCS S 0570-Y50R (von S 0570-Y \u2013 S 0570-Y60R)<\/p><p>-Geschosse 11 \u2013 20<\/p><p>\u00a0Farbkanon ausgehend vom Mittelwert Nuance 1040 \/\u00a0<\/p><p>\u00a0NCS S1040-R40B (von S 1040-R \u2013 S 1040-R90B)<\/p><p>-Geschoss21 \u2013 30<\/p><p>\u00a0Farbkanon ausgehend vom Mittelwert Nuance 2050 \/\u00a0<\/p><p>\u00a0NCS S2050 B30G (von S 2050-B \u2013 S 2050-B90G)<\/p><p>-Geschoss31 \u2013 35<\/p><p>Farbkanon ausgehend vom Mittelwert Nuance 0530 \/\u00a0<\/p><p>NCS S 0530G 40Y (von S 0530-G \u2013 S 0530-G40Y)<\/p><p>Die Ziffern beginnen im EG mit einer H\u00f6he von 42 cm und\u00a0<\/p><p>vergr\u00f6\u00dfern sich bis zum 35 OG \/ Endh\u00f6he ca 65 cm<\/p>\t\t\t\t\t\t\t\t<\/div>\n\t\t\t\t<\/div>\n\t\t\t\t\t<\/div>\n\t\t<\/div>\n\t\t\t\t\t<\/div>\n\t\t<\/section>\n\t\t\t\t<section class=\"elementor-section elementor-top-section elementor-element elementor-element-1b5d3cff elementor-section-full_width elementor-section-height-default elementor-section-height-default\" data-id=\"1b5d3cff\" data-element_type=\"section\" data-e-type=\"section\">\n\t\t\t\t\t\t<div class=\"elementor-container elementor-column-gap-default\">\n\t\t\t\t\t<div class=\"elementor-column elementor-col-100 elementor-top-column elementor-element elementor-element-3e128f70\" data-id=\"3e128f70\" data-element_type=\"column\" data-e-type=\"column\">\n\t\t\t<div class=\"elementor-widget-wrap elementor-element-populated\">\n\t\t\t\t\t\t<div class=\"elementor-element elementor-element-786a7be elementor-widget__width-initial elementor-widget elementor-widget-image\" data-id=\"786a7be\" data-element_type=\"widget\" data-e-type=\"widget\" data-widget_type=\"image.default\">\n\t\t\t\t<div class=\"elementor-widget-container\">\n\t\t\t\t\t\t\t\t\t\t\t\t\t\t\t<img loading=\"lazy\" decoding=\"async\" width=\"1823\" height=\"2560\" src=\"https:\/\/vol2.ingeborgkumpfmueller.at\/2026\/wp-content\/uploads\/2024\/11\/IMG_6474-scaled.jpg\" class=\"attachment-full size-full wp-image-478\" alt=\"\" srcset=\"https:\/\/vol2.ingeborgkumpfmueller.at\/2026\/wp-content\/uploads\/2024\/11\/IMG_6474-scaled.jpg 1823w, https:\/\/vol2.ingeborgkumpfmueller.at\/2026\/wp-content\/uploads\/2024\/11\/IMG_6474-214x300.jpg 214w, https:\/\/vol2.ingeborgkumpfmueller.at\/2026\/wp-content\/uploads\/2024\/11\/IMG_6474-729x1024.jpg 729w, https:\/\/vol2.ingeborgkumpfmueller.at\/2026\/wp-content\/uploads\/2024\/11\/IMG_6474-768x1078.jpg 768w, https:\/\/vol2.ingeborgkumpfmueller.at\/2026\/wp-content\/uploads\/2024\/11\/IMG_6474-1094x1536.jpg 1094w, https:\/\/vol2.ingeborgkumpfmueller.at\/2026\/wp-content\/uploads\/2024\/11\/IMG_6474-1459x2048.jpg 1459w\" sizes=\"(max-width: 1823px) 100vw, 1823px\" \/>\t\t\t\t\t\t\t\t\t\t\t\t\t\t\t<\/div>\n\t\t\t\t<\/div>\n\t\t\t\t\t<\/div>\n\t\t<\/div>\n\t\t\t\t\t<\/div>\n\t\t<\/section>\n\t\t\t\t<section class=\"elementor-section elementor-top-section elementor-element elementor-element-14311613 elementor-section-full_width elementor-section-height-default elementor-section-height-default\" data-id=\"14311613\" data-element_type=\"section\" data-e-type=\"section\">\n\t\t\t\t\t\t<div class=\"elementor-container elementor-column-gap-default\">\n\t\t\t\t\t<div class=\"elementor-column elementor-col-100 elementor-top-column elementor-element elementor-element-7a4c5a0c\" data-id=\"7a4c5a0c\" data-element_type=\"column\" data-e-type=\"column\">\n\t\t\t<div class=\"elementor-widget-wrap\">\n\t\t\t\t\t\t\t<\/div>\n\t\t<\/div>\n\t\t\t\t\t<\/div>\n\t\t<\/section>\n\t\t<div class=\"elementor-element elementor-element-79f6b85 e-grid e-con-full e-con e-parent\" data-id=\"79f6b85\" data-element_type=\"container\" data-e-type=\"container\">\n\t\t\t\t<div class=\"elementor-element elementor-element-8fbedb4 elementor-widget__width-initial elementor-widget elementor-widget-image\" data-id=\"8fbedb4\" data-element_type=\"widget\" data-e-type=\"widget\" data-widget_type=\"image.default\">\n\t\t\t\t<div class=\"elementor-widget-container\">\n\t\t\t\t\t\t\t\t\t\t\t\t\t\t\t<img loading=\"lazy\" decoding=\"async\" width=\"1920\" height=\"2560\" src=\"https:\/\/vol2.ingeborgkumpfmueller.at\/2026\/wp-content\/uploads\/2024\/11\/IMG_6470-scaled.jpg\" class=\"attachment-full size-full wp-image-477\" alt=\"\" srcset=\"https:\/\/vol2.ingeborgkumpfmueller.at\/2026\/wp-content\/uploads\/2024\/11\/IMG_6470-scaled.jpg 1920w, https:\/\/vol2.ingeborgkumpfmueller.at\/2026\/wp-content\/uploads\/2024\/11\/IMG_6470-225x300.jpg 225w, https:\/\/vol2.ingeborgkumpfmueller.at\/2026\/wp-content\/uploads\/2024\/11\/IMG_6470-768x1024.jpg 768w, https:\/\/vol2.ingeborgkumpfmueller.at\/2026\/wp-content\/uploads\/2024\/11\/IMG_6470-1152x1536.jpg 1152w, https:\/\/vol2.ingeborgkumpfmueller.at\/2026\/wp-content\/uploads\/2024\/11\/IMG_6470-1536x2048.jpg 1536w\" sizes=\"(max-width: 1920px) 100vw, 1920px\" \/>\t\t\t\t\t\t\t\t\t\t\t\t\t\t\t<\/div>\n\t\t\t\t<\/div>\n\t\t\t\t<div class=\"elementor-element elementor-element-deee35c elementor-widget__width-initial elementor-widget elementor-widget-image\" data-id=\"deee35c\" data-element_type=\"widget\" data-e-type=\"widget\" data-widget_type=\"image.default\">\n\t\t\t\t<div class=\"elementor-widget-container\">\n\t\t\t\t\t\t\t\t\t\t\t\t\t\t\t<img loading=\"lazy\" decoding=\"async\" width=\"2378\" height=\"2560\" src=\"https:\/\/vol2.ingeborgkumpfmueller.at\/2026\/wp-content\/uploads\/2024\/11\/Grafik1-1-scaled.jpg\" class=\"attachment-full size-full wp-image-521\" alt=\"\" srcset=\"https:\/\/vol2.ingeborgkumpfmueller.at\/2026\/wp-content\/uploads\/2024\/11\/Grafik1-1-scaled.jpg 2378w, https:\/\/vol2.ingeborgkumpfmueller.at\/2026\/wp-content\/uploads\/2024\/11\/Grafik1-1-279x300.jpg 279w, https:\/\/vol2.ingeborgkumpfmueller.at\/2026\/wp-content\/uploads\/2024\/11\/Grafik1-1-951x1024.jpg 951w, https:\/\/vol2.ingeborgkumpfmueller.at\/2026\/wp-content\/uploads\/2024\/11\/Grafik1-1-768x827.jpg 768w, https:\/\/vol2.ingeborgkumpfmueller.at\/2026\/wp-content\/uploads\/2024\/11\/Grafik1-1-1427x1536.jpg 1427w, https:\/\/vol2.ingeborgkumpfmueller.at\/2026\/wp-content\/uploads\/2024\/11\/Grafik1-1-1902x2048.jpg 1902w\" sizes=\"(max-width: 2378px) 100vw, 2378px\" \/>\t\t\t\t\t\t\t\t\t\t\t\t\t\t\t<\/div>\n\t\t\t\t<\/div>\n\t\t\t\t<\/div>\n\t\t\t\t<\/div>\n\t\t","protected":false},"excerpt":{"rendered":"<p>Q -Tower, Wien, Freude schon am Morgen Leitsystem RLP R\u00fcdiger Lainer und Partner Architekten ausgehend von der Bestandswandfarbe NCS S 0530-Y50R\u00a0im Geb\u00e4ude wurden f\u00fcr die Geschossbeschriftungenund die jeweils zugeh\u00f6rigen Beschriftungen und Hinweise folgendes Farbkonzept gestaltet: -Erdgeschossbereich \/ allgemeine Bereiche \/ Goldton -Geschosse 4 \u2013 10 \u00a0Farbkanon ausgehend vom Mittelwert Nuance 0570 \/\u00a0 \u00a0NCS S 0570-Y50R [&hellip;]<\/p>\n","protected":false},"author":1,"featured_media":0,"parent":0,"menu_order":3,"comment_status":"closed","ping_status":"closed","template":"","meta":{"footnotes":""},"class_list":["post-115","page","type-page","status-publish","hentry"],"_links":{"self":[{"href":"https:\/\/vol2.ingeborgkumpfmueller.at\/2026\/wp-json\/wp\/v2\/pages\/115","targetHints":{"allow":["GET"]}}],"collection":[{"href":"https:\/\/vol2.ingeborgkumpfmueller.at\/2026\/wp-json\/wp\/v2\/pages"}],"about":[{"href":"https:\/\/vol2.ingeborgkumpfmueller.at\/2026\/wp-json\/wp\/v2\/types\/page"}],"author":[{"embeddable":true,"href":"https:\/\/vol2.ingeborgkumpfmueller.at\/2026\/wp-json\/wp\/v2\/users\/1"}],"replies":[{"embeddable":true,"href":"https:\/\/vol2.ingeborgkumpfmueller.at\/2026\/wp-json\/wp\/v2\/comments?post=115"}],"version-history":[{"count":58,"href":"https:\/\/vol2.ingeborgkumpfmueller.at\/2026\/wp-json\/wp\/v2\/pages\/115\/revisions"}],"predecessor-version":[{"id":1196,"href":"https:\/\/vol2.ingeborgkumpfmueller.at\/2026\/wp-json\/wp\/v2\/pages\/115\/revisions\/1196"}],"wp:attachment":[{"href":"https:\/\/vol2.ingeborgkumpfmueller.at\/2026\/wp-json\/wp\/v2\/media?parent=115"}],"curies":[{"name":"wp","href":"https:\/\/api.w.org\/{rel}","templated":true}]}}