{"id":221,"date":"2024-11-27T18:58:22","date_gmt":"2024-11-27T17:58:22","guid":{"rendered":"https:\/\/vol2.ingeborgkumpfmueller.at\/2026\/?page_id=221"},"modified":"2024-11-30T19:15:36","modified_gmt":"2024-11-30T18:15:36","slug":"p-2","status":"publish","type":"page","link":"https:\/\/vol2.ingeborgkumpfmueller.at\/2026\/p-2\/","title":{"rendered":"Impressum"},"content":{"rendered":"\t\t<div data-elementor-type=\"wp-page\" data-elementor-id=\"221\" class=\"elementor elementor-221\" data-elementor-settings=\"{&quot;element_pack_global_tooltip_width&quot;:{&quot;unit&quot;:&quot;px&quot;,&quot;size&quot;:&quot;&quot;,&quot;sizes&quot;:[]},&quot;element_pack_global_tooltip_width_tablet&quot;:{&quot;unit&quot;:&quot;px&quot;,&quot;size&quot;:&quot;&quot;,&quot;sizes&quot;:[]},&quot;element_pack_global_tooltip_width_mobile&quot;:{&quot;unit&quot;:&quot;px&quot;,&quot;size&quot;:&quot;&quot;,&quot;sizes&quot;:[]},&quot;element_pack_global_tooltip_padding&quot;:{&quot;unit&quot;:&quot;px&quot;,&quot;top&quot;:&quot;&quot;,&quot;right&quot;:&quot;&quot;,&quot;bottom&quot;:&quot;&quot;,&quot;left&quot;:&quot;&quot;,&quot;isLinked&quot;:true},&quot;element_pack_global_tooltip_padding_tablet&quot;:{&quot;unit&quot;:&quot;px&quot;,&quot;top&quot;:&quot;&quot;,&quot;right&quot;:&quot;&quot;,&quot;bottom&quot;:&quot;&quot;,&quot;left&quot;:&quot;&quot;,&quot;isLinked&quot;:true},&quot;element_pack_global_tooltip_padding_mobile&quot;:{&quot;unit&quot;:&quot;px&quot;,&quot;top&quot;:&quot;&quot;,&quot;right&quot;:&quot;&quot;,&quot;bottom&quot;:&quot;&quot;,&quot;left&quot;:&quot;&quot;,&quot;isLinked&quot;:true},&quot;element_pack_global_tooltip_border_radius&quot;:{&quot;unit&quot;:&quot;px&quot;,&quot;top&quot;:&quot;&quot;,&quot;right&quot;:&quot;&quot;,&quot;bottom&quot;:&quot;&quot;,&quot;left&quot;:&quot;&quot;,&quot;isLinked&quot;:true},&quot;element_pack_global_tooltip_border_radius_tablet&quot;:{&quot;unit&quot;:&quot;px&quot;,&quot;top&quot;:&quot;&quot;,&quot;right&quot;:&quot;&quot;,&quot;bottom&quot;:&quot;&quot;,&quot;left&quot;:&quot;&quot;,&quot;isLinked&quot;:true},&quot;element_pack_global_tooltip_border_radius_mobile&quot;:{&quot;unit&quot;:&quot;px&quot;,&quot;top&quot;:&quot;&quot;,&quot;right&quot;:&quot;&quot;,&quot;bottom&quot;:&quot;&quot;,&quot;left&quot;:&quot;&quot;,&quot;isLinked&quot;:true}}\" data-elementor-post-type=\"page\">\n\t\t\t\t<div class=\"elementor-element elementor-element-e620024 e-con-full e-flex e-con e-parent\" data-id=\"e620024\" data-element_type=\"container\" data-e-type=\"container\">\n\t\t<div class=\"elementor-element elementor-element-d0bf54c e-con-full e-flex e-con e-child\" data-id=\"d0bf54c\" data-element_type=\"container\" data-e-type=\"container\">\n\t\t\t\t<\/div>\n\t\t<div class=\"elementor-element elementor-element-14302fc e-con-full e-flex e-con e-child\" data-id=\"14302fc\" data-element_type=\"container\" data-e-type=\"container\">\n\t\t\t\t<div class=\"elementor-element elementor-element-34c376c elementor-widget elementor-widget-text-editor\" data-id=\"34c376c\" data-element_type=\"widget\" data-e-type=\"widget\" data-widget_type=\"text-editor.default\">\n\t\t\t\t<div class=\"elementor-widget-container\">\n\t\t\t\t\t\t\t\t\t<p><strong>Impressum<\/strong><\/p><p>Fotos<br \/>Bruno Klomfar<br \/>(Gedenkinstallation AK Wien, Privatuniversit\u00e4t Hall, Austria Tabak, Beratungszentrum AK Wien<br \/>KZ-Gedenkst\u00e4tte Mauthausen, Lift, AK Wien, Parkhotel Hall, Kommunikationsabteilung AK Wien<br \/>Eingangsbereich AK Wien, SOWI Fakult\u00e4t Innsbruck, MCI Innsbruck)<br \/>Margherita Spiluttini<br \/>(k47, Plakatinstallation AK Wien, AHS Heustadelgasse, Fachhochschule Kufstein)<br \/>Dieter Henke<br \/>(k47, Fachhochschule Kufstein)<br \/>Hertha Hurnaus<br \/>(Wohnhausanlage Wilhelmskaserne)<br \/>Tony Matijas<br \/>(Ausstellung austria west)<br \/>Manfred Seidl<br \/>(FH St P\u00f6lten)<br \/>Franz Ebner<br \/>Styria Media Center<br \/>Lukas Schaller<br \/>headline Innsbruck<br \/>Rolf Sturm<br \/>(Sparkasse Berchtesgadener Land, BOREALIS INNOVATION HEADQUARTERS LINZ, Perinatalzentrum und Verabschiedungsraum LKH Salzburg HOFBURG Vienna, Pfarre Gramatneusiedl, AK Beratungszentrum Liesing, sch\u00f6nherr Rechtsanw\u00e4lte, Sparkasse K\u00f6lnBonn, Styria Media Center, Evangelisches Realgymnasium Donaustadt)<br \/>Thomas Hennerbichler<br \/>(Volksschule Achau)<br \/>Rupert Steiner<br \/>(Wohnhausanlage Sirocco)<\/p><p>Hubert Marz<br \/>Michael Lisner<br \/>Alexander Tauber<br \/>(Visualisierungen)<\/p><p>Grafik Homepage<br \/>Ingeborg Kumpfm\u00fcller<\/p><p>webmaster<br \/>Rocko Marjanovic<br \/><a href=\"mailto:rocko@netproducer.at%20\">rocko@netproducer.at <\/a><br \/>skype: <a href=\"callto:\/\/rmarjanovic\">rmarjanovic<\/a><\/p><p>\u00dcbersetzungen<br \/>Roderick O\u2019Donovan<br \/>Roy Fox<\/p><div class=\"Stil3\"><p>Imprint<\/p><p>Photographs<br \/>Bruno Klomfar<br \/>(Gedenkinstallation AK Wien, Privatuniversit\u00e4t Hall, Austria Tabak, Beratungszentrum AK Wien<br \/>KZ-Gedenkst\u00e4tte Mauthausen, Lift, AK Wien, Parkhotel Hall, Kommunikationsabteilung AK Wien<br \/>Eingangsbereich AK Wien, SOWI Fakult\u00e4t Innsbruck, MCI Innsbruck)<br \/>Margherita Spiluttini<br \/>(k47, Plakatinstallation AK Wien, AHS Heustadelgasse, Fachhochschule Kufstein)<br \/>Dieter Henke<br \/>(k47, Fachhochschule Kufstein)<br \/>Hertha Hurnaus<br \/>(Wohnhausanlage Wilhelmskaserne)<br \/>Tony Matijas<br \/>(Ausstellung austria west)<br \/>Manfred Seidl<br \/>(FH St P\u00f6lten)<br \/>Franz Ebner<br \/>Styria Media Center<br \/>Lukas Schaller<br \/>headline Innsbruck<br \/>Rolf Sturm<br \/>(Sparkasse Berchtesgadener Land, BOREALIS INNOVATION HEADQUARTERS LINZ, Perinatalzentrum und Verabschiedungsraum LKH Salzburg HOFBURG Vienna, Pfarre Gramatneusiedl, AK Beratungszentrum Liesing, sch\u00f6nherr Rechtsanw\u00e4lte, Sparkasse K\u00f6lnBonn, Styria Media Center, Evangelisches Realgymnasium Donaustadt)<br \/>Thomas Hennerbichler<br \/>(Volksschule Achau)<br \/>Rupert Steiner<br \/>(Housing Project Sirocco)<\/p><p>Hubert Marz<br \/>Michael Lisner<br \/>Alexander Tauber<br \/>(Visualizations)<\/p><p>Graphic Design Homepage<br \/>Ingeborg Kumpfm\u00fcller<\/p><p>webmaster<br \/>Rocko Marjanovic<br \/><a href=\"mailto:rocko@netproducer.at\">rocko@netproducer.at <\/a><br \/>skype: <a href=\"callto:\/\/rmarjanovic\">rmarjanovic<\/a><\/p><p>Translations<br \/>Roderick O\u2019Donovan<br \/>Roy Fox<\/p><\/div>\t\t\t\t\t\t\t\t<\/div>\n\t\t\t\t<\/div>\n\t\t\t\t<\/div>\n\t\t\t\t<\/div>\n\t\t\t\t<\/div>\n\t\t","protected":false},"excerpt":{"rendered":"<p>Impressum FotosBruno Klomfar(Gedenkinstallation AK Wien, Privatuniversit\u00e4t Hall, Austria Tabak, Beratungszentrum AK WienKZ-Gedenkst\u00e4tte Mauthausen, Lift, AK Wien, Parkhotel Hall, Kommunikationsabteilung AK WienEingangsbereich AK Wien, SOWI Fakult\u00e4t Innsbruck, MCI Innsbruck)Margherita Spiluttini(k47, Plakatinstallation AK Wien, AHS Heustadelgasse, Fachhochschule Kufstein)Dieter Henke(k47, Fachhochschule Kufstein)Hertha Hurnaus(Wohnhausanlage Wilhelmskaserne)Tony Matijas(Ausstellung austria west)Manfred Seidl(FH St P\u00f6lten)Franz EbnerStyria Media CenterLukas Schallerheadline InnsbruckRolf Sturm(Sparkasse Berchtesgadener Land, [&hellip;]<\/p>\n","protected":false},"author":1,"featured_media":0,"parent":0,"menu_order":15,"comment_status":"closed","ping_status":"closed","template":"","meta":{"footnotes":""},"class_list":["post-221","page","type-page","status-publish","hentry"],"_links":{"self":[{"href":"https:\/\/vol2.ingeborgkumpfmueller.at\/2026\/wp-json\/wp\/v2\/pages\/221","targetHints":{"allow":["GET"]}}],"collection":[{"href":"https:\/\/vol2.ingeborgkumpfmueller.at\/2026\/wp-json\/wp\/v2\/pages"}],"about":[{"href":"https:\/\/vol2.ingeborgkumpfmueller.at\/2026\/wp-json\/wp\/v2\/types\/page"}],"author":[{"embeddable":true,"href":"https:\/\/vol2.ingeborgkumpfmueller.at\/2026\/wp-json\/wp\/v2\/users\/1"}],"replies":[{"embeddable":true,"href":"https:\/\/vol2.ingeborgkumpfmueller.at\/2026\/wp-json\/wp\/v2\/comments?post=221"}],"version-history":[{"count":15,"href":"https:\/\/vol2.ingeborgkumpfmueller.at\/2026\/wp-json\/wp\/v2\/pages\/221\/revisions"}],"predecessor-version":[{"id":623,"href":"https:\/\/vol2.ingeborgkumpfmueller.at\/2026\/wp-json\/wp\/v2\/pages\/221\/revisions\/623"}],"wp:attachment":[{"href":"https:\/\/vol2.ingeborgkumpfmueller.at\/2026\/wp-json\/wp\/v2\/media?parent=221"}],"curies":[{"name":"wp","href":"https:\/\/api.w.org\/{rel}","templated":true}]}}