{"id":413,"date":"2024-11-29T14:39:53","date_gmt":"2024-11-29T13:39:53","guid":{"rendered":"https:\/\/vol2.ingeborgkumpfmueller.at\/2026\/?page_id=413"},"modified":"2024-12-01T14:47:33","modified_gmt":"2024-12-01T13:47:33","slug":"5-2-2","status":"publish","type":"page","link":"https:\/\/vol2.ingeborgkumpfmueller.at\/2026\/5-2-2\/","title":{"rendered":"6"},"content":{"rendered":"\t\t<div data-elementor-type=\"wp-page\" data-elementor-id=\"413\" class=\"elementor elementor-413\" data-elementor-settings=\"{&quot;element_pack_global_tooltip_width&quot;:{&quot;unit&quot;:&quot;px&quot;,&quot;size&quot;:&quot;&quot;,&quot;sizes&quot;:[]},&quot;element_pack_global_tooltip_width_tablet&quot;:{&quot;unit&quot;:&quot;px&quot;,&quot;size&quot;:&quot;&quot;,&quot;sizes&quot;:[]},&quot;element_pack_global_tooltip_width_mobile&quot;:{&quot;unit&quot;:&quot;px&quot;,&quot;size&quot;:&quot;&quot;,&quot;sizes&quot;:[]},&quot;element_pack_global_tooltip_padding&quot;:{&quot;unit&quot;:&quot;px&quot;,&quot;top&quot;:&quot;&quot;,&quot;right&quot;:&quot;&quot;,&quot;bottom&quot;:&quot;&quot;,&quot;left&quot;:&quot;&quot;,&quot;isLinked&quot;:true},&quot;element_pack_global_tooltip_padding_tablet&quot;:{&quot;unit&quot;:&quot;px&quot;,&quot;top&quot;:&quot;&quot;,&quot;right&quot;:&quot;&quot;,&quot;bottom&quot;:&quot;&quot;,&quot;left&quot;:&quot;&quot;,&quot;isLinked&quot;:true},&quot;element_pack_global_tooltip_padding_mobile&quot;:{&quot;unit&quot;:&quot;px&quot;,&quot;top&quot;:&quot;&quot;,&quot;right&quot;:&quot;&quot;,&quot;bottom&quot;:&quot;&quot;,&quot;left&quot;:&quot;&quot;,&quot;isLinked&quot;:true},&quot;element_pack_global_tooltip_border_radius&quot;:{&quot;unit&quot;:&quot;px&quot;,&quot;top&quot;:&quot;&quot;,&quot;right&quot;:&quot;&quot;,&quot;bottom&quot;:&quot;&quot;,&quot;left&quot;:&quot;&quot;,&quot;isLinked&quot;:true},&quot;element_pack_global_tooltip_border_radius_tablet&quot;:{&quot;unit&quot;:&quot;px&quot;,&quot;top&quot;:&quot;&quot;,&quot;right&quot;:&quot;&quot;,&quot;bottom&quot;:&quot;&quot;,&quot;left&quot;:&quot;&quot;,&quot;isLinked&quot;:true},&quot;element_pack_global_tooltip_border_radius_mobile&quot;:{&quot;unit&quot;:&quot;px&quot;,&quot;top&quot;:&quot;&quot;,&quot;right&quot;:&quot;&quot;,&quot;bottom&quot;:&quot;&quot;,&quot;left&quot;:&quot;&quot;,&quot;isLinked&quot;:true}}\" data-elementor-post-type=\"page\">\n\t\t\t\t\t\t<section class=\"elementor-section elementor-top-section elementor-element elementor-element-6deece4e elementor-section-full_width elementor-section-height-default elementor-section-height-default\" data-id=\"6deece4e\" data-element_type=\"section\" data-e-type=\"section\">\n\t\t\t\t\t\t<div class=\"elementor-container elementor-column-gap-default\">\n\t\t\t\t\t<div class=\"elementor-column elementor-col-50 elementor-top-column elementor-element elementor-element-13f374d6\" data-id=\"13f374d6\" data-element_type=\"column\" data-e-type=\"column\">\n\t\t\t<div class=\"elementor-widget-wrap elementor-element-populated\">\n\t\t\t\t\t\t<div class=\"elementor-element elementor-element-41e49ac9 elementor-widget elementor-widget-image\" data-id=\"41e49ac9\" data-element_type=\"widget\" data-e-type=\"widget\" data-widget_type=\"image.default\">\n\t\t\t\t<div class=\"elementor-widget-container\">\n\t\t\t\t\t\t\t\t\t\t\t\t\t\t\t<img fetchpriority=\"high\" decoding=\"async\" width=\"2560\" height=\"1708\" src=\"https:\/\/vol2.ingeborgkumpfmueller.at\/2026\/wp-content\/uploads\/2024\/12\/Q6_10_21-45-scaled.jpg\" class=\"attachment-full size-full wp-image-872\" alt=\"\" srcset=\"https:\/\/vol2.ingeborgkumpfmueller.at\/2026\/wp-content\/uploads\/2024\/12\/Q6_10_21-45-scaled.jpg 2560w, https:\/\/vol2.ingeborgkumpfmueller.at\/2026\/wp-content\/uploads\/2024\/12\/Q6_10_21-45-300x200.jpg 300w, https:\/\/vol2.ingeborgkumpfmueller.at\/2026\/wp-content\/uploads\/2024\/12\/Q6_10_21-45-1024x683.jpg 1024w, https:\/\/vol2.ingeborgkumpfmueller.at\/2026\/wp-content\/uploads\/2024\/12\/Q6_10_21-45-768x512.jpg 768w, https:\/\/vol2.ingeborgkumpfmueller.at\/2026\/wp-content\/uploads\/2024\/12\/Q6_10_21-45-1536x1025.jpg 1536w, https:\/\/vol2.ingeborgkumpfmueller.at\/2026\/wp-content\/uploads\/2024\/12\/Q6_10_21-45-2048x1366.jpg 2048w\" sizes=\"(max-width: 2560px) 100vw, 2560px\" \/>\t\t\t\t\t\t\t\t\t\t\t\t\t\t\t<\/div>\n\t\t\t\t<\/div>\n\t\t\t\t<div class=\"elementor-element elementor-element-2cdbab10 elementor-widget elementor-widget-image\" data-id=\"2cdbab10\" data-element_type=\"widget\" data-e-type=\"widget\" data-widget_type=\"image.default\">\n\t\t\t\t<div class=\"elementor-widget-container\">\n\t\t\t\t\t\t\t\t\t\t\t\t\t\t\t<img decoding=\"async\" width=\"1920\" height=\"2560\" src=\"https:\/\/vol2.ingeborgkumpfmueller.at\/2026\/wp-content\/uploads\/2024\/12\/IMG_2061-scaled.jpg\" class=\"attachment-full size-full wp-image-843\" alt=\"\" srcset=\"https:\/\/vol2.ingeborgkumpfmueller.at\/2026\/wp-content\/uploads\/2024\/12\/IMG_2061-scaled.jpg 1920w, https:\/\/vol2.ingeborgkumpfmueller.at\/2026\/wp-content\/uploads\/2024\/12\/IMG_2061-225x300.jpg 225w, https:\/\/vol2.ingeborgkumpfmueller.at\/2026\/wp-content\/uploads\/2024\/12\/IMG_2061-768x1024.jpg 768w, https:\/\/vol2.ingeborgkumpfmueller.at\/2026\/wp-content\/uploads\/2024\/12\/IMG_2061-1152x1536.jpg 1152w, https:\/\/vol2.ingeborgkumpfmueller.at\/2026\/wp-content\/uploads\/2024\/12\/IMG_2061-1536x2048.jpg 1536w\" sizes=\"(max-width: 1920px) 100vw, 1920px\" \/>\t\t\t\t\t\t\t\t\t\t\t\t\t\t\t<\/div>\n\t\t\t\t<\/div>\n\t\t\t\t<div class=\"elementor-element elementor-element-da4f6c6 elementor-widget elementor-widget-text-editor\" data-id=\"da4f6c6\" data-element_type=\"widget\" data-e-type=\"widget\" data-widget_type=\"text-editor.default\">\n\t\t\t\t<div class=\"elementor-widget-container\">\n\t\t\t\t\t\t\t\t\t<p>In den leeren Laibungen (Laibungstiefe 28 cm)\u00a0 werden punktuell in einem einheitlichen Goldton Texte gesetzt<\/p><p>Es sind Texte*, die den tiefen, langw\u00e4hrenden Bezug des Menschen zu H\u00e4usern, zu (seinen) Wohnungen in poetischer Form veranschaulichen \u2013 Gebaute Geometrien werden zu Sehnsuchtsr\u00e4umen \/ zu Geborgenheitsr\u00e4umen \/ zu wichtigen Bed\u00fcrfnisr\u00e4umen der Menschen,<\/p><p>in denen sie leben, sich entfalten k\u00f6nnen, sie selbst sein k\u00f6nnen<\/p><p>* alle Texte\/Textausz\u00fcge aus Gaston Bachelard, Poetik des Raumes<\/p>\t\t\t\t\t\t\t\t<\/div>\n\t\t\t\t<\/div>\n\t\t\t\t\t<\/div>\n\t\t<\/div>\n\t\t\t\t<div class=\"elementor-column elementor-col-50 elementor-top-column elementor-element elementor-element-2dd3942a\" data-id=\"2dd3942a\" data-element_type=\"column\" data-e-type=\"column\">\n\t\t\t<div class=\"elementor-widget-wrap elementor-element-populated\">\n\t\t\t\t\t\t<div class=\"elementor-element elementor-element-68d52772 elementor-widget elementor-widget-image\" data-id=\"68d52772\" data-element_type=\"widget\" data-e-type=\"widget\" data-widget_type=\"image.default\">\n\t\t\t\t<div class=\"elementor-widget-container\">\n\t\t\t\t\t\t\t\t\t\t\t\t\t\t\t<img decoding=\"async\" width=\"1707\" height=\"2560\" src=\"https:\/\/vol2.ingeborgkumpfmueller.at\/2026\/wp-content\/uploads\/2024\/12\/Grafik1-scaled.jpg\" class=\"attachment-full size-full wp-image-838\" alt=\"\" srcset=\"https:\/\/vol2.ingeborgkumpfmueller.at\/2026\/wp-content\/uploads\/2024\/12\/Grafik1-scaled.jpg 1707w, https:\/\/vol2.ingeborgkumpfmueller.at\/2026\/wp-content\/uploads\/2024\/12\/Grafik1-200x300.jpg 200w, https:\/\/vol2.ingeborgkumpfmueller.at\/2026\/wp-content\/uploads\/2024\/12\/Grafik1-683x1024.jpg 683w, https:\/\/vol2.ingeborgkumpfmueller.at\/2026\/wp-content\/uploads\/2024\/12\/Grafik1-768x1152.jpg 768w, https:\/\/vol2.ingeborgkumpfmueller.at\/2026\/wp-content\/uploads\/2024\/12\/Grafik1-1024x1536.jpg 1024w, https:\/\/vol2.ingeborgkumpfmueller.at\/2026\/wp-content\/uploads\/2024\/12\/Grafik1-1365x2048.jpg 1365w\" sizes=\"(max-width: 1707px) 100vw, 1707px\" \/>\t\t\t\t\t\t\t\t\t\t\t\t\t\t\t<\/div>\n\t\t\t\t<\/div>\n\t\t\t\t<div class=\"elementor-element elementor-element-6a93fdb9 elementor-widget elementor-widget-image\" data-id=\"6a93fdb9\" data-element_type=\"widget\" data-e-type=\"widget\" data-widget_type=\"image.default\">\n\t\t\t\t<div class=\"elementor-widget-container\">\n\t\t\t\t\t\t\t\t\t\t\t\t\t\t\t<img loading=\"lazy\" decoding=\"async\" width=\"1920\" height=\"2560\" src=\"https:\/\/vol2.ingeborgkumpfmueller.at\/2026\/wp-content\/uploads\/2024\/12\/IMG_2056-scaled.jpg\" class=\"attachment-full size-full wp-image-842\" alt=\"\" srcset=\"https:\/\/vol2.ingeborgkumpfmueller.at\/2026\/wp-content\/uploads\/2024\/12\/IMG_2056-scaled.jpg 1920w, https:\/\/vol2.ingeborgkumpfmueller.at\/2026\/wp-content\/uploads\/2024\/12\/IMG_2056-225x300.jpg 225w, https:\/\/vol2.ingeborgkumpfmueller.at\/2026\/wp-content\/uploads\/2024\/12\/IMG_2056-768x1024.jpg 768w, https:\/\/vol2.ingeborgkumpfmueller.at\/2026\/wp-content\/uploads\/2024\/12\/IMG_2056-1152x1536.jpg 1152w, https:\/\/vol2.ingeborgkumpfmueller.at\/2026\/wp-content\/uploads\/2024\/12\/IMG_2056-1536x2048.jpg 1536w\" sizes=\"(max-width: 1920px) 100vw, 1920px\" \/>\t\t\t\t\t\t\t\t\t\t\t\t\t\t\t<\/div>\n\t\t\t\t<\/div>\n\t\t\t\t<div class=\"elementor-element elementor-element-69f95496 elementor-widget elementor-widget-text-editor\" data-id=\"69f95496\" data-element_type=\"widget\" data-e-type=\"widget\" data-widget_type=\"text-editor.default\">\n\t\t\t\t<div class=\"elementor-widget-container\">\n\t\t\t\t\t\t\t\t\t<p>Reininghaus Gr\u00fcnde Graz, Kunst am Bau, Au\u00dfenraumgestaltung: Leitmodule, Textgestaltungen in den Laibungen der Sockelfassade, <br \/>pentaplan Architekten<\/p>\t\t\t\t\t\t\t\t<\/div>\n\t\t\t\t<\/div>\n\t\t\t\t<div class=\"elementor-element elementor-element-773eb6db elementor-widget elementor-widget-text-editor\" data-id=\"773eb6db\" data-element_type=\"widget\" data-e-type=\"widget\" data-widget_type=\"text-editor.default\">\n\t\t\t\t<div class=\"elementor-widget-container\">\n\t\t\t\t\t\t\t\t\t<p>Ausgehend von der signifikanten, den Geb\u00e4udekomplex pr\u00e4genden und umschlie\u00dfenden Sockelfassade mit seinen charakteristischen und stilbildenden B\u00f6gen und H\u00f6fenwurde f\u00fcr die Au\u00dfenraumgestaltung ein Leitmodul f\u00fcr die die Wohnanlage entwickelt, dessen Gestalt die Form der Bogenmotive\u00a0 aufnimmt<\/p><p>Die signifikante Form tritt als r\u00e4umliches Modul mit Abstand vor die Fassade und wird zum wegef\u00fchrenden Leitmodul f\u00fcr die jeweiligen Zug\u00e4nge zu den Bauteilen 1 \u2013 6 (Bauplatz 4) und 7 (Bauplatz 3) ein wegef\u00fchrendes Modul ist beim Hauptzugang zu der Anlage positioniert<\/p><p>Durch die Haus\/Bauteil Kennzeichnung an den Au\u00dfen- und Innenseitendes Moduls ist die gute Sichtbarkeit der jeweiligen Zug\u00e4nge vonunterschiedlichen Sichtachsen gew\u00e4hrleistet<\/p><p>Die unterschiedlichen Kupfer und Bronze-Farbt\u00f6ne (Sto Metallic) der Module harmonieren mit der mediterranen Terracotta Farbe der Fassaden der Bauteile 1\u20136 sowie dem Grauton von Bauteil 7<\/p><p>durch ihren metallic Schimmer haben sie eine au\u00dfergew\u00f6hnliche\u00a0 Anmutung und heben sich gut von der Fassade ab<\/p><p>Als Weiterf\u00fchrung der Wegef\u00fchrung werden die Bogendurchg\u00e4nge der Eing\u00e4nge ebenfalls in der Sto Metallic Farbe des jeweiligen Zugangsmoduls gestaltet ebenso die Wandseite zum Lift hin im EG<\/p>\t\t\t\t\t\t\t\t<\/div>\n\t\t\t\t<\/div>\n\t\t\t\t\t<\/div>\n\t\t<\/div>\n\t\t\t\t\t<\/div>\n\t\t<\/section>\n\t\t\t\t<section class=\"elementor-section elementor-top-section elementor-element elementor-element-1b5d3cff elementor-section-full_width elementor-section-height-default elementor-section-height-default\" data-id=\"1b5d3cff\" data-element_type=\"section\" data-e-type=\"section\">\n\t\t\t\t\t\t<div class=\"elementor-container elementor-column-gap-default\">\n\t\t\t\t\t<div class=\"elementor-column elementor-col-100 elementor-top-column elementor-element elementor-element-3e128f70\" data-id=\"3e128f70\" data-element_type=\"column\" data-e-type=\"column\">\n\t\t\t<div class=\"elementor-widget-wrap elementor-element-populated\">\n\t\t\t\t\t\t<div class=\"elementor-element elementor-element-786a7be elementor-widget elementor-widget-image\" data-id=\"786a7be\" data-element_type=\"widget\" data-e-type=\"widget\" data-widget_type=\"image.default\">\n\t\t\t\t<div class=\"elementor-widget-container\">\n\t\t\t\t\t\t\t\t\t\t\t\t\t\t\t<img loading=\"lazy\" decoding=\"async\" width=\"2560\" height=\"1708\" src=\"https:\/\/vol2.ingeborgkumpfmueller.at\/2026\/wp-content\/uploads\/2024\/12\/Q6_10_21-15-scaled.jpg\" class=\"attachment-full size-full wp-image-861\" alt=\"\" srcset=\"https:\/\/vol2.ingeborgkumpfmueller.at\/2026\/wp-content\/uploads\/2024\/12\/Q6_10_21-15-scaled.jpg 2560w, https:\/\/vol2.ingeborgkumpfmueller.at\/2026\/wp-content\/uploads\/2024\/12\/Q6_10_21-15-300x200.jpg 300w, https:\/\/vol2.ingeborgkumpfmueller.at\/2026\/wp-content\/uploads\/2024\/12\/Q6_10_21-15-1024x683.jpg 1024w, https:\/\/vol2.ingeborgkumpfmueller.at\/2026\/wp-content\/uploads\/2024\/12\/Q6_10_21-15-768x512.jpg 768w, https:\/\/vol2.ingeborgkumpfmueller.at\/2026\/wp-content\/uploads\/2024\/12\/Q6_10_21-15-1536x1025.jpg 1536w, https:\/\/vol2.ingeborgkumpfmueller.at\/2026\/wp-content\/uploads\/2024\/12\/Q6_10_21-15-2048x1366.jpg 2048w\" sizes=\"(max-width: 2560px) 100vw, 2560px\" \/>\t\t\t\t\t\t\t\t\t\t\t\t\t\t\t<\/div>\n\t\t\t\t<\/div>\n\t\t\t\t\t<\/div>\n\t\t<\/div>\n\t\t\t\t\t<\/div>\n\t\t<\/section>\n\t\t\t\t<section class=\"elementor-section elementor-top-section elementor-element elementor-element-64580f82 elementor-section-full_width elementor-section-height-default elementor-section-height-default\" data-id=\"64580f82\" data-element_type=\"section\" data-e-type=\"section\">\n\t\t\t\t\t\t<div class=\"elementor-container elementor-column-gap-default\">\n\t\t\t\t\t<div class=\"elementor-column elementor-col-100 elementor-top-column elementor-element elementor-element-79a55652\" data-id=\"79a55652\" data-element_type=\"column\" data-e-type=\"column\">\n\t\t\t<div class=\"elementor-widget-wrap elementor-element-populated\">\n\t\t\t\t\t\t<div class=\"elementor-element elementor-element-78ff0480 elementor-widget elementor-widget-image\" data-id=\"78ff0480\" data-element_type=\"widget\" data-e-type=\"widget\" data-widget_type=\"image.default\">\n\t\t\t\t<div class=\"elementor-widget-container\">\n\t\t\t\t\t\t\t\t\t\t\t\t\t\t\t<img loading=\"lazy\" decoding=\"async\" width=\"1920\" height=\"2560\" src=\"https:\/\/vol2.ingeborgkumpfmueller.at\/2026\/wp-content\/uploads\/2024\/12\/IMG_2101-scaled.jpg\" class=\"attachment-full size-full wp-image-856\" alt=\"\" srcset=\"https:\/\/vol2.ingeborgkumpfmueller.at\/2026\/wp-content\/uploads\/2024\/12\/IMG_2101-scaled.jpg 1920w, https:\/\/vol2.ingeborgkumpfmueller.at\/2026\/wp-content\/uploads\/2024\/12\/IMG_2101-225x300.jpg 225w, https:\/\/vol2.ingeborgkumpfmueller.at\/2026\/wp-content\/uploads\/2024\/12\/IMG_2101-768x1024.jpg 768w, https:\/\/vol2.ingeborgkumpfmueller.at\/2026\/wp-content\/uploads\/2024\/12\/IMG_2101-1152x1536.jpg 1152w, https:\/\/vol2.ingeborgkumpfmueller.at\/2026\/wp-content\/uploads\/2024\/12\/IMG_2101-1536x2048.jpg 1536w\" sizes=\"(max-width: 1920px) 100vw, 1920px\" \/>\t\t\t\t\t\t\t\t\t\t\t\t\t\t\t<\/div>\n\t\t\t\t<\/div>\n\t\t\t\t\t<\/div>\n\t\t<\/div>\n\t\t\t\t\t<\/div>\n\t\t<\/section>\n\t\t\t\t<section class=\"elementor-section elementor-top-section elementor-element elementor-element-14311613 elementor-section-full_width elementor-section-height-default elementor-section-height-default\" data-id=\"14311613\" data-element_type=\"section\" data-e-type=\"section\">\n\t\t\t\t\t\t<div class=\"elementor-container elementor-column-gap-default\">\n\t\t\t\t\t<div class=\"elementor-column elementor-col-33 elementor-top-column elementor-element elementor-element-36ead07a\" data-id=\"36ead07a\" data-element_type=\"column\" data-e-type=\"column\">\n\t\t\t<div class=\"elementor-widget-wrap elementor-element-populated\">\n\t\t\t\t\t\t<div class=\"elementor-element elementor-element-63d7e067 elementor-widget elementor-widget-image\" data-id=\"63d7e067\" data-element_type=\"widget\" data-e-type=\"widget\" data-widget_type=\"image.default\">\n\t\t\t\t<div class=\"elementor-widget-container\">\n\t\t\t\t\t\t\t\t\t\t\t\t\t\t\t<img loading=\"lazy\" decoding=\"async\" width=\"768\" height=\"1024\" src=\"https:\/\/vol2.ingeborgkumpfmueller.at\/2026\/wp-content\/uploads\/2024\/12\/IMG_2142-768x1024.jpg\" class=\"attachment-large size-large wp-image-860\" alt=\"\" srcset=\"https:\/\/vol2.ingeborgkumpfmueller.at\/2026\/wp-content\/uploads\/2024\/12\/IMG_2142-768x1024.jpg 768w, https:\/\/vol2.ingeborgkumpfmueller.at\/2026\/wp-content\/uploads\/2024\/12\/IMG_2142-225x300.jpg 225w, https:\/\/vol2.ingeborgkumpfmueller.at\/2026\/wp-content\/uploads\/2024\/12\/IMG_2142-1152x1536.jpg 1152w, https:\/\/vol2.ingeborgkumpfmueller.at\/2026\/wp-content\/uploads\/2024\/12\/IMG_2142-1536x2048.jpg 1536w, https:\/\/vol2.ingeborgkumpfmueller.at\/2026\/wp-content\/uploads\/2024\/12\/IMG_2142-scaled.jpg 1920w\" sizes=\"(max-width: 768px) 100vw, 768px\" \/>\t\t\t\t\t\t\t\t\t\t\t\t\t\t\t<\/div>\n\t\t\t\t<\/div>\n\t\t\t\t\t<\/div>\n\t\t<\/div>\n\t\t\t\t<div class=\"elementor-column elementor-col-33 elementor-top-column elementor-element elementor-element-37080872\" data-id=\"37080872\" data-element_type=\"column\" data-e-type=\"column\">\n\t\t\t<div class=\"elementor-widget-wrap elementor-element-populated\">\n\t\t\t\t\t\t<div class=\"elementor-element elementor-element-584b6a9f elementor-widget elementor-widget-image\" data-id=\"584b6a9f\" data-element_type=\"widget\" data-e-type=\"widget\" data-widget_type=\"image.default\">\n\t\t\t\t<div class=\"elementor-widget-container\">\n\t\t\t\t\t\t\t\t\t\t\t\t\t\t\t<img loading=\"lazy\" decoding=\"async\" width=\"2560\" height=\"1708\" src=\"https:\/\/vol2.ingeborgkumpfmueller.at\/2026\/wp-content\/uploads\/2024\/12\/Q6_10_21-29-scaled.jpg\" class=\"attachment-full size-full wp-image-864\" alt=\"\" srcset=\"https:\/\/vol2.ingeborgkumpfmueller.at\/2026\/wp-content\/uploads\/2024\/12\/Q6_10_21-29-scaled.jpg 2560w, https:\/\/vol2.ingeborgkumpfmueller.at\/2026\/wp-content\/uploads\/2024\/12\/Q6_10_21-29-300x200.jpg 300w, https:\/\/vol2.ingeborgkumpfmueller.at\/2026\/wp-content\/uploads\/2024\/12\/Q6_10_21-29-1024x683.jpg 1024w, https:\/\/vol2.ingeborgkumpfmueller.at\/2026\/wp-content\/uploads\/2024\/12\/Q6_10_21-29-768x512.jpg 768w, https:\/\/vol2.ingeborgkumpfmueller.at\/2026\/wp-content\/uploads\/2024\/12\/Q6_10_21-29-1536x1025.jpg 1536w, https:\/\/vol2.ingeborgkumpfmueller.at\/2026\/wp-content\/uploads\/2024\/12\/Q6_10_21-29-2048x1366.jpg 2048w\" sizes=\"(max-width: 2560px) 100vw, 2560px\" \/>\t\t\t\t\t\t\t\t\t\t\t\t\t\t\t<\/div>\n\t\t\t\t<\/div>\n\t\t\t\t<div class=\"elementor-element elementor-element-6ea24bd3 elementor-widget elementor-widget-image\" data-id=\"6ea24bd3\" data-element_type=\"widget\" data-e-type=\"widget\" data-widget_type=\"image.default\">\n\t\t\t\t<div class=\"elementor-widget-container\">\n\t\t\t\t\t\t\t\t\t\t\t\t\t\t\t<img loading=\"lazy\" decoding=\"async\" width=\"1920\" height=\"2560\" src=\"https:\/\/vol2.ingeborgkumpfmueller.at\/2026\/wp-content\/uploads\/2024\/12\/IMG_2022-scaled.jpg\" class=\"attachment-full size-full wp-image-840\" alt=\"\" srcset=\"https:\/\/vol2.ingeborgkumpfmueller.at\/2026\/wp-content\/uploads\/2024\/12\/IMG_2022-scaled.jpg 1920w, https:\/\/vol2.ingeborgkumpfmueller.at\/2026\/wp-content\/uploads\/2024\/12\/IMG_2022-225x300.jpg 225w, https:\/\/vol2.ingeborgkumpfmueller.at\/2026\/wp-content\/uploads\/2024\/12\/IMG_2022-768x1024.jpg 768w, https:\/\/vol2.ingeborgkumpfmueller.at\/2026\/wp-content\/uploads\/2024\/12\/IMG_2022-1152x1536.jpg 1152w, https:\/\/vol2.ingeborgkumpfmueller.at\/2026\/wp-content\/uploads\/2024\/12\/IMG_2022-1536x2048.jpg 1536w\" sizes=\"(max-width: 1920px) 100vw, 1920px\" \/>\t\t\t\t\t\t\t\t\t\t\t\t\t\t\t<\/div>\n\t\t\t\t<\/div>\n\t\t\t\t\t<\/div>\n\t\t<\/div>\n\t\t\t\t<div class=\"elementor-column elementor-col-33 elementor-top-column elementor-element elementor-element-7a4c5a0c\" data-id=\"7a4c5a0c\" data-element_type=\"column\" data-e-type=\"column\">\n\t\t\t<div class=\"elementor-widget-wrap elementor-element-populated\">\n\t\t\t\t\t\t<div class=\"elementor-element elementor-element-27f1fc85 elementor-widget elementor-widget-image\" data-id=\"27f1fc85\" data-element_type=\"widget\" data-e-type=\"widget\" data-widget_type=\"image.default\">\n\t\t\t\t<div class=\"elementor-widget-container\">\n\t\t\t\t\t\t\t\t\t\t\t\t\t\t\t<img loading=\"lazy\" decoding=\"async\" width=\"1575\" height=\"2362\" src=\"https:\/\/vol2.ingeborgkumpfmueller.at\/2026\/wp-content\/uploads\/2024\/12\/Q6_10_21-31.jpg\" class=\"attachment-full size-full wp-image-865\" alt=\"\" srcset=\"https:\/\/vol2.ingeborgkumpfmueller.at\/2026\/wp-content\/uploads\/2024\/12\/Q6_10_21-31.jpg 1575w, https:\/\/vol2.ingeborgkumpfmueller.at\/2026\/wp-content\/uploads\/2024\/12\/Q6_10_21-31-200x300.jpg 200w, https:\/\/vol2.ingeborgkumpfmueller.at\/2026\/wp-content\/uploads\/2024\/12\/Q6_10_21-31-683x1024.jpg 683w, https:\/\/vol2.ingeborgkumpfmueller.at\/2026\/wp-content\/uploads\/2024\/12\/Q6_10_21-31-768x1152.jpg 768w, https:\/\/vol2.ingeborgkumpfmueller.at\/2026\/wp-content\/uploads\/2024\/12\/Q6_10_21-31-1024x1536.jpg 1024w, https:\/\/vol2.ingeborgkumpfmueller.at\/2026\/wp-content\/uploads\/2024\/12\/Q6_10_21-31-1366x2048.jpg 1366w\" sizes=\"(max-width: 1575px) 100vw, 1575px\" \/>\t\t\t\t\t\t\t\t\t\t\t\t\t\t\t<\/div>\n\t\t\t\t<\/div>\n\t\t\t\t<div class=\"elementor-element elementor-element-05ff275 elementor-widget elementor-widget-image\" data-id=\"05ff275\" data-element_type=\"widget\" data-e-type=\"widget\" data-widget_type=\"image.default\">\n\t\t\t\t<div class=\"elementor-widget-container\">\n\t\t\t\t\t\t\t\t\t\t\t\t\t\t\t<img loading=\"lazy\" decoding=\"async\" width=\"1920\" height=\"2560\" src=\"https:\/\/vol2.ingeborgkumpfmueller.at\/2026\/wp-content\/uploads\/2024\/12\/IMG_2080-scaled.jpg\" class=\"attachment-full size-full wp-image-853\" alt=\"\" srcset=\"https:\/\/vol2.ingeborgkumpfmueller.at\/2026\/wp-content\/uploads\/2024\/12\/IMG_2080-scaled.jpg 1920w, https:\/\/vol2.ingeborgkumpfmueller.at\/2026\/wp-content\/uploads\/2024\/12\/IMG_2080-225x300.jpg 225w, https:\/\/vol2.ingeborgkumpfmueller.at\/2026\/wp-content\/uploads\/2024\/12\/IMG_2080-768x1024.jpg 768w, https:\/\/vol2.ingeborgkumpfmueller.at\/2026\/wp-content\/uploads\/2024\/12\/IMG_2080-1152x1536.jpg 1152w, https:\/\/vol2.ingeborgkumpfmueller.at\/2026\/wp-content\/uploads\/2024\/12\/IMG_2080-1536x2048.jpg 1536w\" sizes=\"(max-width: 1920px) 100vw, 1920px\" \/>\t\t\t\t\t\t\t\t\t\t\t\t\t\t\t<\/div>\n\t\t\t\t<\/div>\n\t\t\t\t\t<\/div>\n\t\t<\/div>\n\t\t\t\t\t<\/div>\n\t\t<\/section>\n\t\t\t\t<\/div>\n\t\t","protected":false},"excerpt":{"rendered":"<p>In den leeren Laibungen (Laibungstiefe 28 cm)\u00a0 werden punktuell in einem einheitlichen Goldton Texte gesetzt Es sind Texte*, die den tiefen, langw\u00e4hrenden Bezug des Menschen zu H\u00e4usern, zu (seinen) Wohnungen in poetischer Form veranschaulichen \u2013 Gebaute Geometrien werden zu Sehnsuchtsr\u00e4umen \/ zu Geborgenheitsr\u00e4umen \/ zu wichtigen Bed\u00fcrfnisr\u00e4umen der Menschen, in denen sie leben, sich entfalten [&hellip;]<\/p>\n","protected":false},"author":1,"featured_media":0,"parent":0,"menu_order":6,"comment_status":"closed","ping_status":"closed","template":"","meta":{"footnotes":""},"class_list":["post-413","page","type-page","status-publish","hentry"],"_links":{"self":[{"href":"https:\/\/vol2.ingeborgkumpfmueller.at\/2026\/wp-json\/wp\/v2\/pages\/413","targetHints":{"allow":["GET"]}}],"collection":[{"href":"https:\/\/vol2.ingeborgkumpfmueller.at\/2026\/wp-json\/wp\/v2\/pages"}],"about":[{"href":"https:\/\/vol2.ingeborgkumpfmueller.at\/2026\/wp-json\/wp\/v2\/types\/page"}],"author":[{"embeddable":true,"href":"https:\/\/vol2.ingeborgkumpfmueller.at\/2026\/wp-json\/wp\/v2\/users\/1"}],"replies":[{"embeddable":true,"href":"https:\/\/vol2.ingeborgkumpfmueller.at\/2026\/wp-json\/wp\/v2\/comments?post=413"}],"version-history":[{"count":25,"href":"https:\/\/vol2.ingeborgkumpfmueller.at\/2026\/wp-json\/wp\/v2\/pages\/413\/revisions"}],"predecessor-version":[{"id":907,"href":"https:\/\/vol2.ingeborgkumpfmueller.at\/2026\/wp-json\/wp\/v2\/pages\/413\/revisions\/907"}],"wp:attachment":[{"href":"https:\/\/vol2.ingeborgkumpfmueller.at\/2026\/wp-json\/wp\/v2\/media?parent=413"}],"curies":[{"name":"wp","href":"https:\/\/api.w.org\/{rel}","templated":true}]}}