{"id":631,"date":"2024-11-30T19:43:26","date_gmt":"2024-11-30T18:43:26","guid":{"rendered":"https:\/\/vol2.ingeborgkumpfmueller.at\/2026\/?page_id=631"},"modified":"2024-12-01T20:33:47","modified_gmt":"2024-12-01T19:33:47","slug":"15-2","status":"publish","type":"page","link":"https:\/\/vol2.ingeborgkumpfmueller.at\/2026\/15-2\/","title":{"rendered":"15"},"content":{"rendered":"\t\t<div data-elementor-type=\"wp-page\" data-elementor-id=\"631\" class=\"elementor elementor-631\" data-elementor-settings=\"{&quot;element_pack_global_tooltip_width&quot;:{&quot;unit&quot;:&quot;px&quot;,&quot;size&quot;:&quot;&quot;,&quot;sizes&quot;:[]},&quot;element_pack_global_tooltip_width_tablet&quot;:{&quot;unit&quot;:&quot;px&quot;,&quot;size&quot;:&quot;&quot;,&quot;sizes&quot;:[]},&quot;element_pack_global_tooltip_width_mobile&quot;:{&quot;unit&quot;:&quot;px&quot;,&quot;size&quot;:&quot;&quot;,&quot;sizes&quot;:[]},&quot;element_pack_global_tooltip_padding&quot;:{&quot;unit&quot;:&quot;px&quot;,&quot;top&quot;:&quot;&quot;,&quot;right&quot;:&quot;&quot;,&quot;bottom&quot;:&quot;&quot;,&quot;left&quot;:&quot;&quot;,&quot;isLinked&quot;:true},&quot;element_pack_global_tooltip_padding_tablet&quot;:{&quot;unit&quot;:&quot;px&quot;,&quot;top&quot;:&quot;&quot;,&quot;right&quot;:&quot;&quot;,&quot;bottom&quot;:&quot;&quot;,&quot;left&quot;:&quot;&quot;,&quot;isLinked&quot;:true},&quot;element_pack_global_tooltip_padding_mobile&quot;:{&quot;unit&quot;:&quot;px&quot;,&quot;top&quot;:&quot;&quot;,&quot;right&quot;:&quot;&quot;,&quot;bottom&quot;:&quot;&quot;,&quot;left&quot;:&quot;&quot;,&quot;isLinked&quot;:true},&quot;element_pack_global_tooltip_border_radius&quot;:{&quot;unit&quot;:&quot;px&quot;,&quot;top&quot;:&quot;&quot;,&quot;right&quot;:&quot;&quot;,&quot;bottom&quot;:&quot;&quot;,&quot;left&quot;:&quot;&quot;,&quot;isLinked&quot;:true},&quot;element_pack_global_tooltip_border_radius_tablet&quot;:{&quot;unit&quot;:&quot;px&quot;,&quot;top&quot;:&quot;&quot;,&quot;right&quot;:&quot;&quot;,&quot;bottom&quot;:&quot;&quot;,&quot;left&quot;:&quot;&quot;,&quot;isLinked&quot;:true},&quot;element_pack_global_tooltip_border_radius_mobile&quot;:{&quot;unit&quot;:&quot;px&quot;,&quot;top&quot;:&quot;&quot;,&quot;right&quot;:&quot;&quot;,&quot;bottom&quot;:&quot;&quot;,&quot;left&quot;:&quot;&quot;,&quot;isLinked&quot;:true}}\" data-elementor-post-type=\"page\">\n\t\t\t\t\t\t<section class=\"elementor-section elementor-top-section elementor-element elementor-element-12b42676 elementor-section-full_width elementor-section-content-middle Projekte elementor-section-height-default elementor-section-height-default\" data-id=\"12b42676\" data-element_type=\"section\" data-e-type=\"section\" id=\"Projekte\" data-settings=\"{&quot;background_background&quot;:&quot;classic&quot;}\">\n\t\t\t\t\t\t<div class=\"elementor-container elementor-column-gap-default\">\n\t\t\t\t\t<div class=\"elementor-column elementor-col-100 elementor-top-column elementor-element elementor-element-5feb6153\" data-id=\"5feb6153\" data-element_type=\"column\" data-e-type=\"column\">\n\t\t\t<div class=\"elementor-widget-wrap elementor-element-populated\">\n\t\t\t\t\t\t<div class=\"elementor-element elementor-element-907a559 elementor-widget elementor-widget-text-editor\" data-id=\"907a559\" data-element_type=\"widget\" data-e-type=\"widget\" data-widget_type=\"text-editor.default\">\n\t\t\t\t<div class=\"elementor-widget-container\">\n\t\t\t\t\t\t\t\t\t<p>2024 \u201emetamorphosen\u201d \u2013 Kunst am Bau Perinatalzentrum, Salzburg, K\u00fcnstlerische Intervention\/Erg\u00e4nzung zu meiner bestehenden<br \/>Kunst am Bau-Arbeit von 2014<br \/>2024 B\u00fcro und Gesch\u00e4ftshaus Museumstra\u00dfe 1, Innsbruck Gestaltung der W\u00e4nde im EG\/in den UG und Leitsystem, Henke Schreieck Architekten2022 eins energie in Sachsen, Verwaltungsgeb\u00e4ude, Kunst am Bau, Wettbewerb\/2. Stufe<br \/>2022 SIZ Sicherheitszentrum Tirol Geiswinkler &amp; Geiswinkler Architekten, geladener Wettbewerb Leitsystem<br \/>2022 Pfarre Krim K\u00fcnstlerische Gestaltung der Eing\u00e4nge, Architekt Clemens Holzmeister \/ Umbau pointner pointner Architekten<br \/>2022 \u00d6sterreichische Nationalbibliothek, Bibliothek am Heldenplatz, Gestaltung Leitsystem<br \/>2022 Q Tower, Wien, Gestaltung Leitsystem, RLP R\u00fcdiger Lainer und Partner Architekten<br \/>2021 Reininghaus Parkquartiere (Wohnbau), Graz, Kunst am Bau, Au\u00dfenraumgestaltung Leitmodule Textinstallationen, pentaplan Architekten<br \/>2020 THE BRICK, Wienerberg, Hotel Plateno, Gestaltung Leitsystem, R\u00fcdiger Lainer und Partner &lt;<br \/>2020 TSC The Chilled Snack Company, Wels, Fassadengestaltung, Gestaltung im Atrium und in den B\u00fcros<br \/>2019 Seniorenwohnheim Nonntal, Salzburg, Kunst am Bau \/ Gestaltung Leitsystem, Farbgestaltung, visuelle, textliche und haptische Gestaltungen in den Haus- und Wohneinheiten, visuelle Umsetzung eines Palliativprojektes \/gasparin meyer Architekten<br \/>2019 FH Kufstein IV Fassadengestaltung, henke schreieck Architekten<br \/>2019 Gemeindewohnbau Fontanastra\u00dfe 3, Wien, K\u00fcnstlerische Gestaltung der W\u00e4nde in den Eingangsbereichen in den STH 1, 2, 3, nmpb Architekten<br \/>2019 Parkapartments am Belvedere, Wien, Up to the Sky\/Gestaltung Leitsystem,Renzo Piano Building Workshop mit nmpb Architekten<br \/>2019 BIOTECH ZENTRUM BOKU Wien, Fassadengestaltung, Gestaltung Leitsystem<br \/>2018 B\u00fcrgerzentrum B\u00f6heimkirchen, N\u00d6, Gestaltung Leitsystem, nmpb Architekten<br \/>2018 Textgestaltung an der Fassade Volksschule und Wohnheim, Wagramer Stra\u00dfe 224 A und 264B, Architektin Sne Veselinovic<br \/>2018 Polizeistation Brandenburg, Au\u00dfenbeschriftung, bolwin wulf architekten berlin<br \/>2017 Farbkonzept Wohnhausanlage Sirocco, Wien 10, gharakhanzadeh sandbichler architekten<br \/>2017 Grand Central Berlin \/ B\u00fcrogeb\u00e4ude beim Hauptbahnhof, Berlin, Gestaltung Leitsystem, bolwin wulf Architekten, Berlin<br \/>2017 Silvretta Montafon, Firmenzentrale Schruns, Gestaltung Leitsystem und Textgestaltungen, Bernado Bader Architekten<br \/>2016 Volksschule Achau, N\u00d6, Gestaltung der Fassaden im Eingangsbereich, chromy schneider Archikten<br \/>2016 Pfarrkirche E\u00dfling, Liturgischer Vorhang \/ Dialog Mensch + Gott, Gestaltung von 15 Fenstern, pointner und pointner Architekten<br \/>2015 Evangelisches Realgymnasium Donaustadt, Gestaltung Au\u00dfendarstellung und Leitsystem, Architektin Sne Veselinovic<br \/>2015 Gestaltung Verabschiedungsraum Eltern-Baby-Zentrum, LKH Salzburg<\/p>\t\t\t\t\t\t\t\t<\/div>\n\t\t\t\t<\/div>\n\t\t\t\t\t<\/div>\n\t\t<\/div>\n\t\t\t\t\t<\/div>\n\t\t<\/section>\n\t\t\t\t<section class=\"elementor-section elementor-top-section elementor-element elementor-element-4b1e2316 elementor-reverse-mobile Projekte1 elementor-section-full_width elementor-section-content-middle elementor-section-height-default elementor-section-height-default\" data-id=\"4b1e2316\" data-element_type=\"section\" data-e-type=\"section\" id=\"Projekte1\">\n\t\t\t\t\t\t<div class=\"elementor-container elementor-column-gap-default\">\n\t\t\t\t\t<div class=\"elementor-column elementor-col-100 elementor-top-column elementor-element elementor-element-33592764\" data-id=\"33592764\" data-element_type=\"column\" data-e-type=\"column\">\n\t\t\t<div class=\"elementor-widget-wrap elementor-element-populated\">\n\t\t\t\t\t\t<div class=\"elementor-element elementor-element-0fd9e6c elementor-widget elementor-widget-text-editor\" data-id=\"0fd9e6c\" data-element_type=\"widget\" data-e-type=\"widget\" data-widget_type=\"text-editor.default\">\n\t\t\t\t<div class=\"elementor-widget-container\">\n\t\t\t\t\t\t\t\t\t<p>2014 Styria Media Center Graz, Gestaltung Leitsystem (geladener Wettbewerb)<br \/>2014 sch\u00f6nherr rechtsanw\u00e4lte, Wien, Gestaltung Leitsystem, Architekt R\u00fcdiger Lainer<br \/>2014 Sparkasse K\u00f6lnBonn, Bonn, Gestaltung Leitsystem, Architekten Ortner&amp;Ortner, Berlin<br \/>2013 Landratsamt Vogtlandkreis, Plauen, Gestaltung Leitsystem, Architekten bolwin wulf, Berlin<br \/>2013 Pfarre Grammatneusiedl Gestaltung Taufbecken, Umgestaltung Taufkapelle und offener Gebetsraum, Aussprachezimmer<br \/>2013 VERBUND, Europaplatz Wien, Wandgestaltungen im Konferenzsaal und Veranstaltungsbereich,<br \/>Architekten Neumann und Partner<br \/>2013 AK Wien, Beratungszentrum Liesing, Front- und Sichtschutzgestaltung \u00fcber 34 m L\u00e4nge<br \/>2012 headline Multifunktionales B\u00fcro- und Gesch\u00e4ftsgeb\u00e4ude und Hotel, Innsbruck, Gestaltung Leitsystem<br \/>im Geb\u00e4ude und im Au\u00dfenraum, Architekten Henke und Schreieck<br \/>2012 HOFBURG Vienna Kongresszentrum, Gestaltung Leitsystem Module f\u00fcr alle R\u00e4ume<br \/>2012 Pfarre Grammatneusiedl Gestaltung Taufbecken, Umgestaltung Taufkapelle und offener Gebetsraum, Aussprachezimmer<br \/>2012 LAVOLA, Landeskreisamtsgeb\u00e4ude Plauen \/ Sachsen, Gestaltung Leitsystem, Architekten Bolwin Wulf, Berlin<br \/>2012 Sparkasse K\u00f6lnBonn, Bonn, Gestaltung Leitsystem, Architekten Ortner und Ortner, Berlin<br \/>2011 Geladener Wettbewerb Altarraumgestaltung Pfarre Tattendorf<br \/>2011 Universit\u00e4tsgeb\u00e4ude W\u00e4hringerstra\u00dfe 29-31, Wien, Informatik, Publizistik, Wien, Gestaltung Leitsystem und<br \/>Au\u00dfendarstellung, nmpb Architekten, Wien32p.htm<br \/>2011 TIVOLI Hotel Geb\u00e4ude, Innsbruck, Farbkonzept Fassade, Architekten Henke und Schreieck, Wien<br \/>2010 Universit\u00e4tsgeb\u00e4ude Sensengasse 3a, Wien, Bildungswissenschaften, Sprachwissenschaften, Gestaltung Leitsystem und Au\u00dfenbeschriftung, Architekten ROOM 8, Josef Weichenberger Architects<br \/>2010 Universit\u00e4tsgeb\u00e4ude W\u00e4hringerstra\u00dfe 29-31, Wien, Informatik, Publizistik, Wien, Gestaltung Leitsystem und<br \/>Au\u00dfenbeschriftung, nmpb Architekten<br \/>2010 Deponiegel\u00e4nde Rautenweg, Wien, Fassadengestaltung f\u00fcr 6 Betriebsgeb\u00e4ude<br \/>2010 HOFBURG Vienna, Gestaltung Eingangsmodule au\u00dfen<br \/>2010 VERBUND geladener Wettbewerb f\u00fcr ein neues Logo und CD, gemeinsam mit Agentur kraftwerk<\/p>\t\t\t\t\t\t\t\t<\/div>\n\t\t\t\t<\/div>\n\t\t\t\t\t<\/div>\n\t\t<\/div>\n\t\t\t\t\t<\/div>\n\t\t<\/section>\n\t\t\t\t<section class=\"elementor-section elementor-top-section elementor-element elementor-element-63a7365f elementor-reverse-mobile Projekte2 elementor-section-boxed elementor-section-height-default elementor-section-height-default\" data-id=\"63a7365f\" data-element_type=\"section\" data-e-type=\"section\" id=\"Projekte2\">\n\t\t\t\t\t\t<div class=\"elementor-container elementor-column-gap-no\">\n\t\t\t\t\t<div class=\"elementor-column elementor-col-100 elementor-top-column elementor-element elementor-element-33248bfb\" data-id=\"33248bfb\" data-element_type=\"column\" data-e-type=\"column\">\n\t\t\t<div class=\"elementor-widget-wrap elementor-element-populated\">\n\t\t\t\t\t\t<div class=\"elementor-element elementor-element-702fa96 elementor-widget elementor-widget-text-editor\" data-id=\"702fa96\" data-element_type=\"widget\" data-e-type=\"widget\" data-widget_type=\"text-editor.default\">\n\t\t\t\t<div class=\"elementor-widget-container\">\n\t\t\t\t\t\t\t\t\t<p>2009 BOREALIS, Innovation Head Quarters Linz, Gestaltung Au\u00dfenbeschriftung \/ Leitsystem, Architekten Henke und Schreieck<br \/>2009 Engel Austria, Schwertberg, Zubau, Entwurf Leitsystem, Architekt Klaus Kada<br \/>2009 Perinatalzentrum Landeskrankenhaus Salzburg, Architekt Schwarzenbacher, Kunst am Bau, geladener Wettbewerb 2008<br \/>Textarbeiten in den Erschlie\u00dfungszonen, Gestaltung des Verabschiedungsraumes<br \/>2009 Farbkonzept Stiegenh\u00e4user Wohnhausanlage Wilhelmskaserne, Wien, nmpb Architekten<br \/>2008 LHI M\u00fcnchen, Neubau, Entwurf Leitsystem, Architekten Mann+Partner Freie Architekten und landau und kindelbacher<br \/>2008 Intercell, Entwurf Gestaltung der W\u00e4nde Foyerbereich, Textarbeit zu Paul Ehrlich, Architekt Boris Podrecca<br \/>2008 Esterhazy Betriebe Gmbh, Konferenzsaal, Entwurf Gestaltung des Fensterbereiches, Eisenstadt<br \/>2008 Hofburg Vienna, Kongresszentrum, Leitsystem, gemeinsam mit Architekten Sandbichler Gharakhanzadeh<br \/>2008 Sparkasse Berchtesgadener Land, Leitsystem, Textarbeiten, Bad Reichenhall, Architekten Bolwin Wulf, Berlin<br \/>2008 Grafisches Erscheinungsbild AK Kunstprojekte<br \/>2007 Geladener Wettbewerb, AK Wien, Foyer<br \/>Dokumentation der Geschichte der AK und der Geschichte des Ortes (Palais Rothschild)<br \/>2007 VERBUND \u00d6sterreichische Elektrizit\u00e4tswirtschafts AG, Wien<br \/>Geladener Wettbewerb Neues Corporate Design, mit Agentur 7<br \/>2007 Geladener Wettbewerb, Leitsystem OMV, B\u00fcrohochhaus 1020 Wien, Architekten Henke und Schreieck<br \/>2007 Geladener Wettbewerb Erinnerungsort f\u00fcr zu fr\u00fch verstorbene Kinder, Evangelische Kapelle im AKH Wien<br \/>2007 3 Schriftz\u00fcge im EG, bestehend aus stehenden, schwebenden und liegenden Zeichen, FH St P\u00f6lten<br \/>nmpb architekten (geladener Wettbewerb 2006)<br \/>2007 Logo, graphisches Erscheinungsbild Sammlung VERBUND<br \/>2007 Logo, graphisches Erscheinungsbild, Homepage Kunstreferat \/ Di\u00f6zesan Konservatorat der Di\u00f6zese Linz<br \/>2007 Geladener Wettbewerb Leitsystem AK Wien<br \/>2007 Gestaltung des mobilen Kreuzweges, Seelsorgezentrum SolarCity Linz<\/p>\t\t\t\t\t\t\t\t<\/div>\n\t\t\t\t<\/div>\n\t\t\t\t\t<\/div>\n\t\t<\/div>\n\t\t\t\t\t<\/div>\n\t\t<\/section>\n\t\t\t\t<section class=\"elementor-section elementor-top-section elementor-element elementor-element-3bf8242 elementor-reverse-mobile Projekte3 elementor-section-boxed elementor-section-height-default elementor-section-height-default\" data-id=\"3bf8242\" data-element_type=\"section\" data-e-type=\"section\" id=\"Projekte3\">\n\t\t\t\t\t\t<div class=\"elementor-container elementor-column-gap-no\">\n\t\t\t\t\t<div class=\"elementor-column elementor-col-100 elementor-top-column elementor-element elementor-element-2ca8fd8\" data-id=\"2ca8fd8\" data-element_type=\"column\" data-e-type=\"column\">\n\t\t\t<div class=\"elementor-widget-wrap elementor-element-populated\">\n\t\t\t\t\t\t<div class=\"elementor-element elementor-element-dfe744b elementor-widget elementor-widget-text-editor\" data-id=\"dfe744b\" data-element_type=\"widget\" data-e-type=\"widget\" data-widget_type=\"text-editor.default\">\n\t\t\t\t<div class=\"elementor-widget-container\">\n\t\t\t\t\t\t\t\t\t<p>2006 Geladener Wettbewerb Neuordnung des Altarraumes in der Krankenhauskapelle der Landesnervenklinik Wagner-Jauregg, Linz<br \/>2006 Gestaltung des Eingangsbereiches und des Foyers, Gestaltung der Wegef\u00fchrung in den Geschossen, VERBUND \u00d6sterreichische Elektrizit\u00e4tswirtschafts AG<br \/>2006 K\u00e4the Leichter Gedenkzeichen, AK Wien, Wien 1<br \/>2006 Grafisches Erscheinungsbild Wiener Stadtgespr\u00e4ch, AK Wien<br \/>2006 Grafische Gestaltung Stiegenabg\u00e4nge U-Bahn Station Brandenburger Tor, Berlin (Projektstadium)<br \/>2006 Wettbewerbsteilnahme Gedenkst\u00e4tte f\u00fcr den deportierten Nachbarn, Wien<br \/>2006 Geladener Wettbewerb Kunst am Bau, Team Kumpfm\u00fcller Klomfar Weihs<br \/>Haus der Forschung, Wien,<br \/>2005 \/ 2006 Kunst am Bau, Gestaltung der Decken, in Foyer, Feierraum, Kapelle;<br \/>Wandgestaltung Kapelle und Fassade, Seelsorgezentrum Solar City Linz; Architekten Pointner und Pointner<br \/>2005 \/ 2006 Objekt h am Dach der Fachhochschule Kufstein II, Architekten Henke und Schreieck<br \/>2005 \/ 2006 Leitsystem, Schrift- und Textarbeiten BTV Stadtforum, BTV 3 Banken Gruppe, Innsbruck, Architekt Heinz Tesar<br \/>2005 Leitsystem, Beschriftungen NetCologne Telekommunikation, K\u00f6ln, Architekten Bolwin und Wulf<br \/>2005 Leitsystem B\u00fcrogeb\u00e4ude KPMG Berlin, geladener Wettbewerb<br \/>2005 Wien Museum, Umbau und Innenraumgestaltung; geladener Wettbewerb, Architektin Sne Veselinovic \/<br \/>Beitrag Leitsystem, Erscheinungsbild aussen<br \/>2004 Gedenkinstallation Palais Rothschild AK Wien<br \/>2004 Grafische Gestaltung der Print-Medien, des Kataloges des \u00d6sterreich-Beitrages der 9. Architekturbiennale Venedig<br \/>2004 Au\u00dfenbeschriftung, Innenbeschriftung \/ Leitsystem Privatuniversit\u00e4t,<br \/>Campushotel Hall, Tirol Architekten Henke und Schreieck<br \/>2004 Leitsystem, Innenbeschriftung Austria Tabak \u2013 Gallaher Europe, Wien Architekten Henke und Schreieck<br \/>2004 Leitsystem-Modul f\u00fcr das Brustgesundheitszentrum Tirol, Medizinische Universit\u00e4t Tirol<br \/>2004 Gestaltung der Glaspaneele im Eingangsbereich Beratungszentrum AK Wien<\/p>\t\t\t\t\t\t\t\t<\/div>\n\t\t\t\t<\/div>\n\t\t\t\t\t<\/div>\n\t\t<\/div>\n\t\t\t\t\t<\/div>\n\t\t<\/section>\n\t\t\t\t<section class=\"elementor-section elementor-top-section elementor-element elementor-element-d8dc4c2 elementor-reverse-mobile Projekte4 elementor-section-boxed elementor-section-height-default elementor-section-height-default\" data-id=\"d8dc4c2\" data-element_type=\"section\" data-e-type=\"section\" id=\"Projekte4\">\n\t\t\t\t\t\t<div class=\"elementor-container elementor-column-gap-no\">\n\t\t\t\t\t<div class=\"elementor-column elementor-col-100 elementor-top-column elementor-element elementor-element-4985bba\" data-id=\"4985bba\" data-element_type=\"column\" data-e-type=\"column\">\n\t\t\t<div class=\"elementor-widget-wrap elementor-element-populated\">\n\t\t\t\t\t\t<div class=\"elementor-element elementor-element-d1e2b48 opis2 elementor-widget elementor-widget-text-editor\" data-id=\"d1e2b48\" data-element_type=\"widget\" data-e-type=\"widget\" id=\"opis2\" data-widget_type=\"text-editor.default\">\n\t\t\t\t<div class=\"elementor-widget-container\">\n\t\t\t\t\t\t\t\t\t<p>2003 Margret Bilger Stipendium f\u00fcr k\u00fcnstlerische Gro\u00dfprojekte www.wiekleinewoertereinszueins.at<br \/>2003 Grafische Gestaltung des Besucherzentrum KZ Gedenkst\u00e4tte Mauthausen<br \/>MSP-H Architekten (Herwig Mayer, Christoph Schwarz, Karl Peyrer-Heimst\u00e4tt)<br \/>Grafische Gestaltung der Ausstellung im Besucherzentrum<br \/>Neugestaltung des Leitsystems im ehemaligen KZ Mauthausen<br \/>2003 Grafische Gestaltung der internationalen Architekturausstellung austria west sowie des Kataloges<br \/>2003 Gestaltung der Schachtr\u00fcckwand des Doppelliftes \u00fcber 7 Etagen, AK Wien<br \/>2003 Gestaltung Au\u00dfenbeschriftung, grafische Gestaltung des Leitsystems, Parkhotel Hall Architekten Henke und Schreieck<br \/>2003 Gestaltung Au\u00dfenbeschriftung, Grafische Gestaltung des Leitsystems, B\u00fcro Geb\u00e4ude k47, Wien Architekten Henke und Schreieck<br \/>2002 17-teilige Plakatinstallation, AK Wien<br \/>2002 Gestaltung des Eingangsbereiches der Kommunikationsabteilung, AK Wien Architekten Henke und Schreieck<br \/>2002 Gestaltung Au\u00dfenbeschriftung, Innenbeschriftung AHS Heustadelgasse, Wien Architekten Henke und Schreieck<br \/>2002 Gestaltung Lichtobjekt au\u00dfen f\u00fcr BENE Pavillon Klagenfurt Architekten Henke und Schreieck<br \/>2001 Gestaltung Au\u00dfenbeschriftung, Innenbeschriftung Fachhochschule Kufstein Architekten Henke und Schreieck<br \/>2001 Beschriftung Abgang Opernpassage Architekten Henke und Schreieck<br \/>2001 Gestaltung des Eingangsbereiches, des Ganges Direktion \/ Pr\u00e4sidium, AK Wien Architekten Henke und Schreieck<br \/>2000 Gestaltung Au\u00dfenbeschriftung, Innenbeschriftung MCI Management Center Innsbruck, Architekten Henke und Schreieck<br \/>2000 Widmungstext MCI \/ SOWI Areal<br \/>1999 SOWI Fakult\u00e4t Innsbruck Kunst am Bau Au\u00dfenbeschriftung, Grafische Gestaltung Leitsystem, Innenbeschriftung<br \/>1998 Grafische Gestaltung Au\u00dfen- und Innenbeschriftung, Leitsystem Schule Leberberg, Wien, Architekten Henke und Schreiec\u00a0<\/p>\t\t\t\t\t\t\t\t<\/div>\n\t\t\t\t<\/div>\n\t\t\t\t\t<\/div>\n\t\t<\/div>\n\t\t\t\t\t<\/div>\n\t\t<\/section>\n\t\t\t\t<section class=\"elementor-section elementor-top-section elementor-element elementor-element-6eb939dc elementor-section-full_width elementor-section-height-default elementor-section-height-default\" data-id=\"6eb939dc\" data-element_type=\"section\" data-e-type=\"section\">\n\t\t\t\t\t\t<div class=\"elementor-container elementor-column-gap-no\">\n\t\t\t\t\t<div class=\"elementor-column elementor-col-100 elementor-top-column elementor-element elementor-element-57e1f1d9\" data-id=\"57e1f1d9\" data-element_type=\"column\" data-e-type=\"column\">\n\t\t\t<div class=\"elementor-widget-wrap elementor-element-populated\">\n\t\t\t\t\t\t<div class=\"elementor-element elementor-element-32c678c3 elementor-widget elementor-widget-bdt-horizontal-scroller\" data-id=\"32c678c3\" data-element_type=\"widget\" data-e-type=\"widget\" data-settings=\"{&quot;horizontal_scroller_section_list&quot;:[{&quot;_id&quot;:&quot;7ea987b&quot;,&quot;horizontal_scroller_section_id&quot;:&quot;Projekte&quot;,&quot;horizontal_scroller_section_navigation_title&quot;:&quot;Projekte&quot;},{&quot;horizontal_scroller_section_id&quot;:&quot;Projekte1&quot;,&quot;horizontal_scroller_section_navigation_title&quot;:&quot;Projekte1&quot;,&quot;_id&quot;:&quot;db0d323&quot;},{&quot;horizontal_scroller_section_id&quot;:&quot;Projekte2&quot;,&quot;horizontal_scroller_section_navigation_title&quot;:&quot;Projekte2&quot;,&quot;_id&quot;:&quot;a31a94f&quot;},{&quot;horizontal_scroller_section_id&quot;:&quot;Projekte3&quot;,&quot;horizontal_scroller_section_navigation_title&quot;:&quot;Projekte3&quot;,&quot;_id&quot;:&quot;7dd9b65&quot;},{&quot;horizontal_scroller_section_id&quot;:&quot;Projekte4&quot;,&quot;horizontal_scroller_section_navigation_title&quot;:&quot;Projekte4&quot;,&quot;_id&quot;:&quot;db17e0c&quot;}]}\" data-widget_type=\"bdt-horizontal-scroller.default\">\n\t\t\t\t<div class=\"elementor-widget-container\">\n\t\t\t\t\t\t\t<div class=\"bdt-ep-horizontal-scroller\">\n\t\t\t<div class=\"bdt-ep-hc-wrapper bdt-ep-dot-position-\">\n\t\t\t\t\t\t\t<\/div>\n\t\t<\/div>\n\t\t\t\t\t\t<\/div>\n\t\t\t\t<\/div>\n\t\t\t\t\t<\/div>\n\t\t<\/div>\n\t\t\t\t\t<\/div>\n\t\t<\/section>\n\t\t\t\t<\/div>\n\t\t","protected":false},"excerpt":{"rendered":"<p>2024 \u201emetamorphosen\u201d \u2013 Kunst am Bau Perinatalzentrum, Salzburg, K\u00fcnstlerische Intervention\/Erg\u00e4nzung zu meiner bestehendenKunst am Bau-Arbeit von 20142024 B\u00fcro und Gesch\u00e4ftshaus Museumstra\u00dfe 1, Innsbruck Gestaltung der W\u00e4nde im EG\/in den UG und Leitsystem, Henke Schreieck Architekten2022 eins energie in Sachsen, Verwaltungsgeb\u00e4ude, Kunst am Bau, Wettbewerb\/2. Stufe2022 SIZ Sicherheitszentrum Tirol Geiswinkler &amp; Geiswinkler Architekten, geladener Wettbewerb Leitsystem2022 [&hellip;]<\/p>\n","protected":false},"author":1,"featured_media":0,"parent":0,"menu_order":11,"comment_status":"closed","ping_status":"closed","template":"","meta":{"footnotes":""},"class_list":["post-631","page","type-page","status-publish","hentry"],"_links":{"self":[{"href":"https:\/\/vol2.ingeborgkumpfmueller.at\/2026\/wp-json\/wp\/v2\/pages\/631","targetHints":{"allow":["GET"]}}],"collection":[{"href":"https:\/\/vol2.ingeborgkumpfmueller.at\/2026\/wp-json\/wp\/v2\/pages"}],"about":[{"href":"https:\/\/vol2.ingeborgkumpfmueller.at\/2026\/wp-json\/wp\/v2\/types\/page"}],"author":[{"embeddable":true,"href":"https:\/\/vol2.ingeborgkumpfmueller.at\/2026\/wp-json\/wp\/v2\/users\/1"}],"replies":[{"embeddable":true,"href":"https:\/\/vol2.ingeborgkumpfmueller.at\/2026\/wp-json\/wp\/v2\/comments?post=631"}],"version-history":[{"count":193,"href":"https:\/\/vol2.ingeborgkumpfmueller.at\/2026\/wp-json\/wp\/v2\/pages\/631\/revisions"}],"predecessor-version":[{"id":1140,"href":"https:\/\/vol2.ingeborgkumpfmueller.at\/2026\/wp-json\/wp\/v2\/pages\/631\/revisions\/1140"}],"wp:attachment":[{"href":"https:\/\/vol2.ingeborgkumpfmueller.at\/2026\/wp-json\/wp\/v2\/media?parent=631"}],"curies":[{"name":"wp","href":"https:\/\/api.w.org\/{rel}","templated":true}]}}