{"id":7,"date":"2024-11-27T15:06:39","date_gmt":"2024-11-27T14:06:39","guid":{"rendered":"https:\/\/vol2.ingeborgkumpfmueller.at\/2026\/?page_id=7"},"modified":"2024-12-02T06:21:00","modified_gmt":"2024-12-02T05:21:00","slug":"start","status":"publish","type":"page","link":"https:\/\/vol2.ingeborgkumpfmueller.at\/2026\/","title":{"rendered":"HOME"},"content":{"rendered":"\t\t<div data-elementor-type=\"wp-post\" data-elementor-id=\"7\" class=\"elementor elementor-7\" data-elementor-settings=\"{&quot;element_pack_global_tooltip_width&quot;:{&quot;unit&quot;:&quot;px&quot;,&quot;size&quot;:&quot;&quot;,&quot;sizes&quot;:[]},&quot;element_pack_global_tooltip_width_tablet&quot;:{&quot;unit&quot;:&quot;px&quot;,&quot;size&quot;:&quot;&quot;,&quot;sizes&quot;:[]},&quot;element_pack_global_tooltip_width_mobile&quot;:{&quot;unit&quot;:&quot;px&quot;,&quot;size&quot;:&quot;&quot;,&quot;sizes&quot;:[]},&quot;element_pack_global_tooltip_padding&quot;:{&quot;unit&quot;:&quot;px&quot;,&quot;top&quot;:&quot;&quot;,&quot;right&quot;:&quot;&quot;,&quot;bottom&quot;:&quot;&quot;,&quot;left&quot;:&quot;&quot;,&quot;isLinked&quot;:true},&quot;element_pack_global_tooltip_padding_tablet&quot;:{&quot;unit&quot;:&quot;px&quot;,&quot;top&quot;:&quot;&quot;,&quot;right&quot;:&quot;&quot;,&quot;bottom&quot;:&quot;&quot;,&quot;left&quot;:&quot;&quot;,&quot;isLinked&quot;:true},&quot;element_pack_global_tooltip_padding_mobile&quot;:{&quot;unit&quot;:&quot;px&quot;,&quot;top&quot;:&quot;&quot;,&quot;right&quot;:&quot;&quot;,&quot;bottom&quot;:&quot;&quot;,&quot;left&quot;:&quot;&quot;,&quot;isLinked&quot;:true},&quot;element_pack_global_tooltip_border_radius&quot;:{&quot;unit&quot;:&quot;px&quot;,&quot;top&quot;:&quot;&quot;,&quot;right&quot;:&quot;&quot;,&quot;bottom&quot;:&quot;&quot;,&quot;left&quot;:&quot;&quot;,&quot;isLinked&quot;:true},&quot;element_pack_global_tooltip_border_radius_tablet&quot;:{&quot;unit&quot;:&quot;px&quot;,&quot;top&quot;:&quot;&quot;,&quot;right&quot;:&quot;&quot;,&quot;bottom&quot;:&quot;&quot;,&quot;left&quot;:&quot;&quot;,&quot;isLinked&quot;:true},&quot;element_pack_global_tooltip_border_radius_mobile&quot;:{&quot;unit&quot;:&quot;px&quot;,&quot;top&quot;:&quot;&quot;,&quot;right&quot;:&quot;&quot;,&quot;bottom&quot;:&quot;&quot;,&quot;left&quot;:&quot;&quot;,&quot;isLinked&quot;:true}}\" data-elementor-post-type=\"page\">\n\t\t\t\t\t\t<section class=\"elementor-section elementor-top-section elementor-element elementor-element-76f4161 elementor-section-full_width elementor-section-height-min-height elementor-section-items-top elementor-section-height-default\" data-id=\"76f4161\" data-element_type=\"section\" data-e-type=\"section\">\n\t\t\t\t\t\t<div class=\"elementor-container elementor-column-gap-default\">\n\t\t\t\t\t<div class=\"elementor-column elementor-col-100 elementor-top-column elementor-element elementor-element-6dadd1c\" data-id=\"6dadd1c\" data-element_type=\"column\" data-e-type=\"column\">\n\t\t\t<div class=\"elementor-widget-wrap elementor-element-populated\">\n\t\t\t\t\t\t<div class=\"elementor-element elementor-element-b6dbe57 elementor-widget elementor-widget-text-editor\" data-id=\"b6dbe57\" data-element_type=\"widget\" data-e-type=\"widget\" data-widget_type=\"text-editor.default\">\n\t\t\t\t<div class=\"elementor-widget-container\">\n\t\t\t\t\t\t\t\t\t<p>K\u00fcnstlerische Ausbildung an der Hochschule f\u00fcr angewandte Kunst in Wien \/ Diplom\u00a0<br \/>seit damals bis heute freischaffende K\u00fcnstlerin und Gestalterin<br \/>Verbindung von Schrift, Text, Sprache mit Formaten, Raum, Architektur, Materialien, Farben, Objekten<br \/>Schwerpunkt Kunst am Bau Projekte, Gestaltungen im Architekturbereich und im \u00f6ffentlichen Raum, <br \/>Text-, Schrift- und Farbinstallationen, Objekte im Au\u00dfen- und Innenraum, k\u00fcnstlerische Leitsysteme<br \/>Zahlreiche k\u00fcnstlerische Arbeiten an\/in sensiblen Orten \/ R\u00e4umen \/ gesellschaftlichen-sozialen Schnittstellen<\/p><p>Realisierung von \u00fcber 60 Kunst am Bau-, Gestaltungs- und Leitsystem-, Projekten <br \/>f\u00fcr \u00f6ffentliche, soziale Einrichtungen, Schulen, Kirchen, Krankenh\u00e4user, Beh\u00f6rden, den Kulturbereich, f\u00fcr Kongresszentren, Universit\u00e4ten, <br \/>Fachhochschulen, den Bildungsbereich, f\u00fcr Konzerne, und Banken in \u00d6sterreich im gesamten Bundesgebiet und in Deutschland <br \/>(u.a. in K\u00f6ln, Bonn, Bad Reichenhall, Brandenburg, Plauen)<br \/>Beitr\u00e4ge, Reviews und Erw\u00e4hnungen meiner Arbeiten in internationalen Publikationen<br \/>iF communication design award Gold 2009 (gemeinsam mit bolwin wulf architekten, Berlin)<\/p><p>Alle meine Projekte wurden von mir von der Entwurfsphase bis zur Ausf\u00fchrung\/Fertigstellung selbst betreut. <br \/>Wie mein Portfolio zeigt, haben so gut wie alle Auftr\u00e4ge umfassende, komplexe Aufgabenstellungen und Realisierungen.<\/p><p>Bei vielen Projekten ist die k\u00fcnstlerische Arbeit \u00fcber mehrere Ebenen, im Au\u00dfen- und Innenraum pr\u00e4sent.<\/p><p>Zitat aus der Publikation \u00d6ffentliche Kunst in Salzburg 2012\u20132021:<br \/>\u201eIngeborg Kumpfm\u00fcller, &#8230; arbeitet an der Schnittstelle von \u00f6ffentlichem, architektonischem und musealem Raum <br \/>und gestaltet &#8230; soziale, emotionale oder assoziative R\u00e4ume &#8230; im Sinne eines Verst\u00e4ndigungssystems &#8230;, das die <br \/>Betrachter*innen auf unterschiedlichen Bedeutungsebenen anspricht und ber\u00fchrt.\u201d<\/p>\t\t\t\t\t\t\t\t<\/div>\n\t\t\t\t<\/div>\n\t\t\t\t\t<\/div>\n\t\t<\/div>\n\t\t\t\t\t<\/div>\n\t\t<\/section>\n\t\t\t\t<\/div>\n\t\t","protected":false},"excerpt":{"rendered":"<p>K\u00fcnstlerische Ausbildung an der Hochschule f\u00fcr angewandte Kunst in Wien \/ Diplom\u00a0seit damals bis heute freischaffende K\u00fcnstlerin und GestalterinVerbindung von Schrift, Text, Sprache mit Formaten, Raum, Architektur, Materialien, Farben, ObjektenSchwerpunkt Kunst am Bau Projekte, Gestaltungen im Architekturbereich und im \u00f6ffentlichen Raum, Text-, Schrift- und Farbinstallationen, Objekte im Au\u00dfen- und Innenraum, k\u00fcnstlerische LeitsystemeZahlreiche k\u00fcnstlerische Arbeiten an\/in [&hellip;]<\/p>\n","protected":false},"author":1,"featured_media":0,"parent":0,"menu_order":0,"comment_status":"closed","ping_status":"closed","template":"","meta":{"footnotes":""},"class_list":["post-7","page","type-page","status-publish","hentry"],"_links":{"self":[{"href":"https:\/\/vol2.ingeborgkumpfmueller.at\/2026\/wp-json\/wp\/v2\/pages\/7","targetHints":{"allow":["GET"]}}],"collection":[{"href":"https:\/\/vol2.ingeborgkumpfmueller.at\/2026\/wp-json\/wp\/v2\/pages"}],"about":[{"href":"https:\/\/vol2.ingeborgkumpfmueller.at\/2026\/wp-json\/wp\/v2\/types\/page"}],"author":[{"embeddable":true,"href":"https:\/\/vol2.ingeborgkumpfmueller.at\/2026\/wp-json\/wp\/v2\/users\/1"}],"replies":[{"embeddable":true,"href":"https:\/\/vol2.ingeborgkumpfmueller.at\/2026\/wp-json\/wp\/v2\/comments?post=7"}],"version-history":[{"count":134,"href":"https:\/\/vol2.ingeborgkumpfmueller.at\/2026\/wp-json\/wp\/v2\/pages\/7\/revisions"}],"predecessor-version":[{"id":1184,"href":"https:\/\/vol2.ingeborgkumpfmueller.at\/2026\/wp-json\/wp\/v2\/pages\/7\/revisions\/1184"}],"wp:attachment":[{"href":"https:\/\/vol2.ingeborgkumpfmueller.at\/2026\/wp-json\/wp\/v2\/media?parent=7"}],"curies":[{"name":"wp","href":"https:\/\/api.w.org\/{rel}","templated":true}]}}